{"id":2838,"date":"2023-04-03T15:01:21","date_gmt":"2023-04-03T06:01:21","guid":{"rendered":"http:\/\/yypost-main.net\/?page_id=2838"},"modified":"2023-04-11T15:07:52","modified_gmt":"2023-04-11T06:07:52","slug":"faq","status":"publish","type":"page","link":"https:\/\/yypost-main.net\/zh\/delivery-notes\/faq\/","title":{"rendered":"\u5e38\u95ee\u95ee\u9898"},"content":{"rendered":"\n<div class=\"wp-block-vk-blocks-faq2 vk_faq  \"><div class=\"vk_faq-header\"><\/div><dl class=\"vk_faq-body\">\n<dt class=\"wp-block-vk-blocks-faq2-q vk_faq_title\">\n<p><strong>\u65e5\u672c\u307e\u3067\u3069\u308c\u304f\u3089\u3044\u3067\u5c4a\u304d\u307e\u3059\u304b\uff1f<\/strong><\/p>\n<\/dt>\n\n\n\n<dd class=\"wp-block-vk-blocks-faq2-a vk_faq_content\">\n<p>\u6700\u77ed3\u65e5\u3001\uff11\u9031\u9593\u524d\u5f8c\u3092\u76ee\u5b89\u3067\u7d0d\u54c1\u3057\u3066\u3044\u307e\u3059\u3002<\/p>\n<\/dd>\n<\/dl><div class=\"vk_faq-footer\"><\/div><\/div>\n\n\n\n<div class=\"wp-block-vk-blocks-faq2 vk_faq  \"><div class=\"vk_faq-header\"><\/div><dl class=\"vk_faq-body\">\n<dt class=\"wp-block-vk-blocks-faq2-q vk_faq_title\">\n<p>\u73fe\u91d1\u3092\u9001\u308b\u3053\u3068\u306f\u3067\u304d\u307e\u3059\u304b\uff1f<\/p>\n<\/dt>\n\n\n\n<dd class=\"wp-block-vk-blocks-faq2-a vk_faq_content\">\n<p>\u73fe\u91d1\u3092\u542b\u3080\u8cb4\u91cd\u54c1\u3092\u9001\u308b\u3053\u3068\u306f\u3067\u304d\u307e\u305b\u3093\u3002<\/p>\n<\/dd>\n<\/dl><div class=\"vk_faq-footer\"><\/div><\/div>\n\n\n\n<div class=\"wp-block-vk-blocks-faq2 vk_faq  \"><div class=\"vk_faq-header\"><\/div><dl class=\"vk_faq-body\">\n<dt class=\"wp-block-vk-blocks-faq2-q vk_faq_title\">\n<p><strong><strong><strong>\u9001\u308c\u306a\u3044\u3082\u306e\u306b\u306f\u3001\u3069\u306e\u3088\u3046\u306a\u3082\u306e\u304c\u3042\u308a\u307e\u3059\u304b\uff1f<\/strong><\/strong><\/strong><\/p>\n<\/dt>\n\n\n\n<dd class=\"wp-block-vk-blocks-faq2-a vk_faq_content\">\n<p>\u5371\u967a\u7269\u7b49\u306e\u90f5\u9001\u81ea\u4f53\u304c\u7981\u6b62\u3055\u308c\u3066\u3044\u308b\u3082\u306e\u3084\u3001\u56fd\u30fb\u5730\u57df\u306b\u3088\u3063\u3066\u5236\u9650\u3055\u308c\u3066\u3044\u308b\u3082\u306e\u7b49\u3001\u9001\u308b\u3053\u3068\u306e\u3067\u304d\u306a\u3044\u3082\u306e\u304c\u3054\u3056\u3044\u307e\u3059\u3002<\/p>\n\n\n\n<div class=\"wp-block-vk-blocks-button vk_button vk_button-color-custom vk_button-align-wide\"><a class=\"vk_button_link btn has-background has-vk-color-primary-background-color btn-md\" role=\"button\" aria-pressed=\"true\" rel=\"noopener\"><div class=\"vk_button_link_caption\"><span class=\"vk_button_link_txt\">\u914d\u9001\u7981\u8f38\u54c1\u4e00\u89a7<\/span><i class=\"fas fa-arrow-circle-right vk_button_link_after\"><\/i><\/div><\/a><\/div>\n<\/dd>\n<\/dl><div class=\"vk_faq-footer\"><\/div><\/div>\n\n\n\n<div class=\"wp-block-vk-blocks-faq2 vk_faq  \"><div class=\"vk_faq-header\"><\/div><dl class=\"vk_faq-body\">\n<dt class=\"wp-block-vk-blocks-faq2-q vk_faq_title\">\n<p><strong>\u8fd4\u91d1\u306f\u3067\u304d\u307e\u3059\u304b\uff1f<\/strong><\/p>\n<\/dt>\n\n\n\n<dd class=\"wp-block-vk-blocks-faq2-a vk_faq_content\">\n<p>\u304a\u5ba2\u69d8\u306e\u914d\u9001\u5148\u7b49\u306e\u60c5\u5831\u306e\u8aa4\u8a18\u5165\u306b\u95a2\u3057\u307e\u3057\u3066\u306f\u8fd4\u91d1\u30fb\u8fd4\u9001\u81f4\u3057\u304b\u306d\u307e\u3059\u3002<\/p>\n<\/dd>\n<\/dl><div class=\"vk_faq-footer\"><\/div><\/div>\n\n\n\n<div class=\"wp-block-vk-blocks-faq2 vk_faq  \"><div class=\"vk_faq-header\"><\/div><dl class=\"vk_faq-body\">\n<dt class=\"wp-block-vk-blocks-faq2-q vk_faq_title\">\n<p><strong>\u7740\u6255\u30fb\u4ee3\u91d1\u5f15\u63db\u30b5\u30fc\u30d3\u30b9\u306f\u3042\u308a\u307e\u3059\u304b\uff1f<\/strong><\/p>\n<\/dt>\n\n\n\n<dd class=\"wp-block-vk-blocks-faq2-a vk_faq_content\">\n<p>\u7533\u3057\u8a33\u3054\u3056\u3044\u307e\u305b\u3093\u304c\u3001\u73fe\u5728\u7740\u6255\u30fb\u4ee3\u91d1\u5f15\u63db\u30b5\u30fc\u30d3\u30b9\u306f\u53d6\u308a\u6271\u3063\u3066\u304a\u308a\u307e\u305b\u3093\u3002<\/p>\n<\/dd>\n<\/dl><div class=\"vk_faq-footer\"><\/div><\/div>\n\n\n\n<div class=\"wp-block-vk-blocks-faq2 vk_faq  \"><div class=\"vk_faq-header\"><\/div><dl class=\"vk_faq-body\">\n<dt class=\"wp-block-vk-blocks-faq2-q vk_faq_title\">\n<p><strong><strong>\u6d77\u5916\u304b\u3089\u6765\u308b\u306f\u305a\u306e\u90f5\u4fbf\u7269\u304c\u5c4a\u304d\u307e\u305b\u3093\u304c\u3001\u3069\u3046\u3057\u305f\u3089\u72b6\u6cc1\u304c\u5206\u304b\u308a\u307e\u3059\u304b\uff1f<\/strong><\/strong><\/p>\n<\/dt>\n\n\n\n<dd class=\"wp-block-vk-blocks-faq2-a vk_faq_content\">\n<p>\u30a2\u30d7\u30ea\u5185\u306e\u914d\u9001\u8a73\u7d30\u78ba\u8a8d\u306b\u3066\u3054\u78ba\u8a8d\u3044\u305f\u3060\u3051\u307e\u3059\u304c\u3001\u65e5\u672c\u306b\u5230\u7740\u3057\u3066\u3044\u306a\u3044\u5834\u5408\u306b\u306f\u3001\u60c5\u5831\u304c\u53cd\u6620\u3055\u308c\u307e\u305b\u3093\u3002<\/p>\n\n\n\n<p>\u306a\u304a\u3001\u6d77\u5916\u306b\u3042\u308b\u90f5\u4fbf\u7269\u306e\u8ffd\u8de1\u60c5\u5831\u306f\u5f53\u8a72\u90f5\u4fbf\u5c40\u306b\u3066\u60c5\u5831\u3092\u5165\u529b\u3059\u308b\u3053\u3068\u306b\u306a\u308b\u305f\u3081\u3001\u60c5\u5831\u53cd\u6620\u306b\u6642\u9593\u3092\u8981\u3059\u308b\u5834\u5408\u304c\u3054\u3056\u3044\u307e\u3059\u3002<\/p>\n<\/dd>\n<\/dl><div class=\"vk_faq-footer\"><\/div><\/div>\n\n\n\n<div class=\"wp-block-vk-blocks-faq2 vk_faq  \"><div class=\"vk_faq-header\"><\/div><dl class=\"vk_faq-body\">\n<dt class=\"wp-block-vk-blocks-faq2-q vk_faq_title\">\n<p><strong><strong>\u914d\u9001\u6599\u91d1\u306e\u652f\u6255\u3044\u306f\u30ab\u30fc\u30c9\u5bfe\u5fdc\u3057\u3066\u307e\u3059\u304b\uff1f<\/strong><\/strong><\/p>\n<\/dt>\n\n\n\n<dd class=\"wp-block-vk-blocks-faq2-a vk_faq_content\">\n<p>PayPal\u3092\u4ecb\u3057\u305f\u30ab\u30fc\u30c9\u652f\u6255\u3044\u306b\u5bfe\u5fdc\u3057\u3066\u304a\u308a\u307e\u3059\u3002<\/p>\n\n\n\n<p>YYPOST\u3067\u306f\u3001<span data-color=\"#fffd6b\" style=\"background: linear-gradient(transparent 60%,rgba(255, 253, 107, 0.7) 0);\" class=\"vk_highlighter\">\u9280\u884c\u632f\u8fbc\u3001PayPal\u3001PayPay\u3001<\/span>\u306b\u5bfe\u5fdc\u3057\u3066\u304a\u308a\u307e\u3059\u3002<\/p>\n<\/dd>\n<\/dl><div class=\"vk_faq-footer\"><\/div><\/div>\n\n\n\n<div class=\"wp-block-vk-blocks-faq2 vk_faq  \"><div class=\"vk_faq-header\"><\/div><dl class=\"vk_faq-body\">\n<dt class=\"wp-block-vk-blocks-faq2-q vk_faq_title\">\n<p>\u914d\u9001\u6599\u91d1\u306f\u3069\u3046\u306a\u308a\u307e\u3059\u304b\uff1f<\/p>\n<\/dt>\n\n\n\n<dd class=\"wp-block-vk-blocks-faq2-a vk_faq_content\">\n<p>\u914d\u9001\u8cbb\u306f\u304a\u8377\u7269\u306e\u5b9f\u969b\u306e\u91cd\u91cf\u3068\u4f53\u7a4d\u91cd\u91cf\u306e\u3046\u3061\u5927\u304d\u3044\u65b9\u3092\u57fa\u6e96\u3067\u7b97\u5b9a\u3055\u308c\u307e\u3059\u3002<\/p>\n\n\n\n<p>\u4f53\u7a4d\u91cd\u91cf\u306e\u8a08\u7b97\u65b9\u6cd5<\/p>\n\n\n\n<p>\u6a2a(cm) \u00d7 \u7e26(cm) \u00d7\u9ad8\u3055(cm) \u00f7 6000=\u91cd\u3055 (\u4f8b\uff1a30cm \u00d7 20cm \u00d7 10cm \u00f7 6000=1kg)<\/p>\n\n\n\n<div class=\"wp-block-vk-blocks-button vk_button vk_button-color-custom vk_button-align-wide\"><a href=\"https:\/\/yypost-main.net\/zh\/delivery-notes\/price-list\/\" class=\"vk_button_link btn has-background has-vk-color-primary-background-color btn-md\" role=\"button\" aria-pressed=\"true\" rel=\"noopener\"><div class=\"vk_button_link_caption\"><span class=\"vk_button_link_txt\">\u6599\u91d1\u3092\u78ba\u8a8d\u3059\u308b<\/span><i class=\"fas fa-arrow-circle-right vk_button_link_after\"><\/i><\/div><\/a><\/div>\n<\/dd>\n<\/dl><div class=\"vk_faq-footer\"><\/div><\/div>\n\n\n\n<div class=\"wp-block-vk-blocks-faq2 vk_faq  \"><div class=\"vk_faq-header\"><\/div><dl class=\"vk_faq-body\">\n<dt class=\"wp-block-vk-blocks-faq2-q vk_faq_title\">\n<p>\u30d4\u30c3\u30af\u30a2\u30c3\u30d7\u30b5\u30fc\u30d3\u30b9\u306f\u81ea\u5b85\u304b\u3089\u306e\u307f\u914d\u9001\u53ef\u80fd\u3067\u3059\u304b\uff1f<\/p>\n<\/dt>\n\n\n\n<dd class=\"wp-block-vk-blocks-faq2-a vk_faq_content\">\n<p>\u3044\u3044\u3048\u3002\u3054\u6307\u5b9a\u306e\u4f4f\u6240\u304b\u3089\u306e\u30d4\u30c3\u30af\u30a2\u30c3\u30d7\u3082\u53ef\u80fd\u3067\u3059<\/p>\n<\/dd>\n<\/dl><div class=\"vk_faq-footer\"><\/div><\/div>\n\n\n\n<div class=\"wp-block-vk-blocks-faq2 vk_faq  \"><div class=\"vk_faq-header\"><\/div><dl class=\"vk_faq-body\">\n<dt class=\"wp-block-vk-blocks-faq2-q vk_faq_title\">\n<p>\u90f5\u4fbf\u6599\u91d1\u306f\u3059\u3067\u306b\u6255\u3063\u3066\u3044\u308b\u306e\u306b\u3001\u914d\u9054\u54e1\u304b\u3089\u6599\u91d1\u3092\u8acb\u6c42\u3055\u308c\u307e\u3057\u305f\u3002\u306a\u305c\u3067\u3059\u304b\uff1f<\/p>\n<\/dt>\n\n\n\n<dd class=\"wp-block-vk-blocks-faq2-a vk_faq_content\">\n<p>\u9001\u308a\u5148\u306e\u56fd\u3067\u95a2\u7a0e\u304c\u304b\u304b\u3063\u305f\u5834\u5408\u3001\u914d\u9054\u6642\u306b\u95a2\u7a0e\u3068\u901a\u95a2\u306b\u304b\u304b\u308b\u624b\u6570\u6599\u3092\u3044\u305f\u3060\u304f\u3053\u3068\u304c\u3054\u3056\u3044\u307e\u3059\u3002\u3054\u4e86\u627f\u304f\u3060\u3055\u3044\u3002<\/p>\n<\/dd>\n<\/dl><div class=\"vk_faq-footer\"><\/div><\/div>\n\n\n\n<div class=\"wp-block-vk-blocks-faq2 vk_faq  \"><div class=\"vk_faq-header\"><\/div><dl class=\"vk_faq-body\">\n<dt class=\"wp-block-vk-blocks-faq2-q vk_faq_title\">\n<p>\u95a2\u7a0e\u306f\u5fc5\u305a\u304b\u304b\u308a\u307e\u3059\u304b\uff1f<\/p>\n<\/dt>\n\n\n\n<dd class=\"wp-block-vk-blocks-faq2-a vk_faq_content\">\n<p>\u95a2\u7a0e\u304c\u304b\u304b\u3063\u305f\u3089\u5fc5\u305a\u304a\u652f\u6255\u3044\u304f\u3060\u3055\u3044\u3002<br>\uff08\u5f53\u793e\u306b\u652f\u6255\u3046\u306e\u3067\u306f\u306a\u304f\u3001\u914d\u9001\u696d\u8005\u306b\u304a\u652f\u6255\u3044\u304f\u3060\u3055\u3044\uff09<br>\u95a2\u7a0e\u306b\u95a2\u3057\u3066\u306e\u78ba\u8a8d\u306f\u5f53\u793e\u3067\u3082\u53ef\u80fd\u3067\u3059\u304c\u3001\u4f55\u3089\u304b\u306e\u554f\u984c\u304c\u767a\u751f\u3057\u305f\u5834\u5408\u3001\u5f53\u793e\u3067\u306f\u89e3\u6c7a\u3067\u304d\u304b\u306d\u307e\u3059\u306e\u3067\u89e3\u6c7a\u306b\u95a2\u3057\u307e\u3057\u3066\u306f\u304a\u5ba2\u69d8\u3054\u81ea\u8eab\u3067\u304a\u9858\u3044\u3044\u305f\u3057\u307e\u3059\u3002<\/p>\n\n\n\n<div class=\"wp-block-vk-blocks-button vk_button vk_button-color-custom vk_button-align-wide\"><a href=\"https:\/\/yypost-main.net\/zh\/delivery-notes\/customs\/\" class=\"vk_button_link btn has-background has-vk-color-primary-background-color btn-md\" role=\"button\" aria-pressed=\"true\" rel=\"noopener\"><div class=\"vk_button_link_caption\"><span class=\"vk_button_link_txt\">\u95a2\u7a0e\u306b\u3064\u3044\u3066<\/span><i class=\"fas fa-arrow-circle-right vk_button_link_after\"><\/i><\/div><\/a><\/div>\n<\/dd>\n<\/dl><div class=\"vk_faq-footer\"><\/div><\/div>\n\n\n\n<div class=\"wp-block-vk-blocks-spacer vk_spacer\"><div class=\"vk_spacer-display-pc\" style=\"margin-top:4rem\"><\/div><div class=\"vk_spacer-display-tablet\" style=\"margin-top:4rem\"><\/div><div class=\"vk_spacer-display-mobile\" style=\"margin-top:2rem\"><\/div><\/div>\n\n\n<section class=\"veu_pageList_ancestor veu_card veu_childPageIndex_block\"><div class=\"veu_card_inner\"><h3 class=\"pageList_ancestor_title veu_card_title\"><a href=\"https:\/\/yypost-main.net\/zh\/delivery-notes\/\">\u5173\u4e8e\u914d\u9001\u5185\u5bb9\u7684\u6ce8\u610f\u4e8b\u9879<\/a><\/h3><ul class=\"pageList\"><li class=\"page_item page-item-2833\"><a href=\"https:\/\/yypost-main.net\/zh\/delivery-notes\/customs\/\">\u5173\u7a0e<\/a><\/li>\n<li class=\"page_item page-item-2829\"><a href=\"https:\/\/yypost-main.net\/zh\/delivery-notes\/restriction\/\">\u7981\u6b62\u5bc4\u9001\u7269\u54c1\u6e05\u5355<\/a><\/li>\n<li class=\"page_item page-item-2825\"><a href=\"https:\/\/yypost-main.net\/zh\/delivery-notes\/price-list\/\">\u8fd0\u8d39\u4ef7\u683c\u8868<\/a><\/li>\n<li class=\"page_item page-item-2838\"><a href=\"https:\/\/yypost-main.net\/zh\/delivery-notes\/faq\/\">\u5e38\u95ee\u95ee\u9898<\/a><\/li>\n<\/ul><\/div><\/section>\n\n\n<div class=\"wp-block-vk-blocks-spacer vk_spacer\"><div class=\"vk_spacer-display-pc\" style=\"margin-top:4rem\"><\/div><div class=\"vk_spacer-display-tablet\" style=\"margin-top:4rem\"><\/div><div class=\"vk_spacer-display-mobile\" style=\"margin-top:2rem\"><\/div><\/div>\n","protected":false},"excerpt":{"rendered":"<p>\u5f0a\u793e\u306b\u3088\u304f\u304a\u554f\u3044\u5408\u308f\u305b\u3044\u305f\u3060\u304f\u5185\u5bb9\u3092\u63b2\u8f09\u3057\u3066\u3044\u307e\u3059\u3002\u304a\u554f\u3044\u5408\u308f\u305b\u306e\u524d\u306b\u4e00\u5ea6\u3054\u78ba\u8a8d\u3044\u305f\u3060\u304f\u3068\u65e9\u304f\u89e3\u6c7a\u51fa\u6765\u308b\u4e8b\u304c\u3042\u308a\u307e\u3059\u3002<\/p>\n","protected":false},"author":8,"featured_media":1659,"parent":2818,"menu_order":1,"comment_status":"closed","ping_status":"closed","template":"","meta":{"inline_featured_image":false,"_locale":"zh_CN","_original_post":"http:\/\/bizvektor.directweb.jp\/?page_id=25","vkexunit_cta_each_option":"","footnotes":""},"_links":{"self":[{"href":"https:\/\/yypost-main.net\/wp-json\/wp\/v2\/pages\/2838"}],"collection":[{"href":"https:\/\/yypost-main.net\/wp-json\/wp\/v2\/pages"}],"about":[{"href":"https:\/\/yypost-main.net\/wp-json\/wp\/v2\/types\/page"}],"author":[{"embeddable":true,"href":"https:\/\/yypost-main.net\/wp-json\/wp\/v2\/users\/8"}],"replies":[{"embeddable":true,"href":"https:\/\/yypost-main.net\/wp-json\/wp\/v2\/comments?post=2838"}],"version-history":[{"count":11,"href":"https:\/\/yypost-main.net\/wp-json\/wp\/v2\/pages\/2838\/revisions"}],"predecessor-version":[{"id":3010,"href":"https:\/\/yypost-main.net\/wp-json\/wp\/v2\/pages\/2838\/revisions\/3010"}],"up":[{"embeddable":true,"href":"https:\/\/yypost-main.net\/wp-json\/wp\/v2\/pages\/2818"}],"wp:featuredmedia":[{"embeddable":true,"href":"https:\/\/yypost-main.net\/wp-json\/wp\/v2\/media\/1659"}],"wp:attachment":[{"href":"https:\/\/yypost-main.net\/wp-json\/wp\/v2\/media?parent=2838"}],"curies":[{"name":"wp","href":"https:\/\/api.w.org\/{rel}","templated":true}]}}