{"id":2825,"date":"2023-04-03T14:54:43","date_gmt":"2023-04-03T05:54:43","guid":{"rendered":"http:\/\/yypost-main.net\/?page_id=2825"},"modified":"2023-04-03T14:54:43","modified_gmt":"2023-04-03T05:54:43","slug":"price-list","status":"publish","type":"page","link":"https:\/\/yypost-main.net\/zh\/delivery-notes\/price-list\/","title":{"rendered":"\u8fd0\u8d39\u4ef7\u683c\u8868"},"content":{"rendered":"\n<p>\u203b\u6c96\u7e04\u3001\u5317\u6d77\u9053\u3078\u306e\u914d\u9001\u306e\u5834\u5408\u306f\u914d\u9001\u6599\u304c\u6599\u91d1\u8868\u3068\u306f\u7570\u306a\u308b\u53ef\u80fd\u6027\u304c\u3054\u3056\u3044\u307e\u3059\u3002<\/p>\n\n\n\n<p>\u5b9a\u671f\u914d\u9001\u307e\u305f\u306f\u5927\u91cf\u914d\u9001\u306e\u6599\u91d1\u306b\u95a2\u3059\u308b\u304a\u554f\u3044\u5408\u308f\u305b\u3001\u53ca\u3073\u8cea\u554f\u4e8b\u9805\u306f\u516c\u5f0fLINE\u3067\u304a\u554f\u3044\u5408\u308f\u305b\u304f\u3060\u3055\u3044\u3002<\/p>\n\n\n\n<h3 class=\"wp-block-heading\">\u9001\u6599\u8a08\u7b97\u306b\u3064\u3044\u3066<\/h3>\n\n\n\n<p>\u914d\u9001\u8cbb\u306f\u304a\u8377\u7269\u306e\u5b9f\u969b\u306e\u91cd\u91cf\u3068\u4f53\u7a4d\u91cd\u91cf\u306e\u3046\u3061\u5927\u304d\u3044\u65b9\u3092\u57fa\u6e96\u3067\u7b97\u5b9a\u3055\u308c\u307e\u3059\u3002<\/p>\n\n\n\n<p>\u4f53\u7a4d\u91cd\u91cf\u306e\u8a08\u7b97\u65b9\u6cd5<\/p>\n\n\n\n<p>\u6a2a(cm) \u00d7 \u7e26(cm) \u00d7\u9ad8\u3055(cm) \u00f7 6000=\u91cd\u3055<br>(\u4f8b\uff1a30cm \u00d7 20cm \u00d7 10cm \u00f7 6000=1kg)<\/p>\n\n\n\n<figure class=\"wp-block-table is-style-stripes\"><table><thead><tr><th><strong>\u91cd\u3055\u30fbWeight(g)<\/strong><\/th><th><strong>1,2 \u914d\u9001\u6599 YYPOST<\/strong><\/th><\/tr><\/thead><tbody><tr><td>~500<\/td><td><strong>\u20a9<\/strong>10,500<\/td><\/tr><tr><td>~1,000<\/td><td><strong>\u20a9<\/strong>12,000<\/td><\/tr><tr><td>~1,500<\/td><td><strong>\u20a9<\/strong>14,500<\/td><\/tr><tr><td>~2,000<\/td><td><strong>\u20a9<\/strong>16,000<\/td><\/tr><tr><td>~2,500<\/td><td><strong>\u20a9<\/strong>18,000<\/td><\/tr><tr><td>~3,000<\/td><td><strong>\u20a9<\/strong>19,500<\/td><\/tr><tr><td>~3,500<\/td><td><strong>\u20a9<\/strong>21,000<\/td><\/tr><tr><td>~4,000<\/td><td><strong>\u20a9<\/strong>22,500<\/td><\/tr><tr><td>~4,500<\/td><td><strong>\u20a9<\/strong>24,000<\/td><\/tr><tr><td>~5,000<\/td><td><strong>\u20a9<\/strong>25,500<\/td><\/tr><tr><td>~5,500<\/td><td><strong>\u20a9<\/strong>27,000<\/td><\/tr><tr><td>~6,000<\/td><td><strong>\u20a9<\/strong>28,500<\/td><\/tr><tr><td>~6,500<\/td><td><strong>\u20a9<\/strong>30,000<\/td><\/tr><tr><td>~7,000<\/td><td><strong>\u20a9<\/strong>31,500<\/td><\/tr><tr><td>~7,500<\/td><td><strong>\u20a9<\/strong>33,000<\/td><\/tr><tr><td>~8,000<\/td><td><strong>\u20a9<\/strong>34,500<\/td><\/tr><tr><td>~8,500<\/td><td><strong>\u20a9<\/strong>36,000<\/td><\/tr><tr><td>~9,000<\/td><td><strong>\u20a9<\/strong>37,500<\/td><\/tr><tr><td>~9,500<\/td><td><strong>\u20a9<\/strong>39,000<\/td><\/tr><tr><td>~10,000<\/td><td><strong>\u20a9<\/strong>40,500<\/td><\/tr><tr><td>~10,500<\/td><td><strong>\u20a9<\/strong>45,000<\/td><\/tr><tr><td>~11,000<\/td><td><strong>\u20a9<\/strong>46,500<\/td><\/tr><tr><td>~11,500<\/td><td><strong>\u20a9<\/strong>48,000<\/td><\/tr><tr><td>~12,000<\/td><td><strong>\u20a9<\/strong>49,500<\/td><\/tr><tr><td>~12,500<\/td><td><strong>\u20a9<\/strong>51,000<\/td><\/tr><tr><td>~13,000<\/td><td><strong>\u20a9<\/strong>52,500<\/td><\/tr><tr><td>~13,500<\/td><td><strong>\u20a9<\/strong>54,000<\/td><\/tr><tr><td>~14,000<\/td><td><strong>\u20a9<\/strong>55,500<\/td><\/tr><tr><td>~14,500<\/td><td><strong>\u20a9<\/strong>57,000<\/td><\/tr><tr><td>~15,000<\/td><td><strong>\u20a9<\/strong>58,500<\/td><\/tr><tr><td>~15,500<\/td><td><strong>\u20a9<\/strong>60,000<\/td><\/tr><tr><td>~16,000<\/td><td><strong>\u20a9<\/strong>61,500<\/td><\/tr><tr><td>~16,500<\/td><td><strong>\u20a9<\/strong>63,000<\/td><\/tr><tr><td>~17,000<\/td><td><strong>\u20a9<\/strong>64,500<\/td><\/tr><tr><td>~17,500<\/td><td><strong>\u20a9<\/strong>66,000<\/td><\/tr><tr><td>~18,000<\/td><td><strong>\u20a9<\/strong>67,500<\/td><\/tr><tr><td>~18,500<\/td><td><strong>\u20a9<\/strong>69,000<\/td><\/tr><tr><td>~19,000<\/td><td><strong>\u20a9<\/strong>70,500<\/td><\/tr><tr><td>~19,500<\/td><td><strong>\u20a9<\/strong>72,000<\/td><\/tr><tr><td>~20,000<\/td><td><strong>\u20a9<\/strong>73,500<\/td><\/tr><tr><td>~20,500<\/td><td><strong>\u20a9<\/strong>77,500<\/td><\/tr><tr><td>~21,000<\/td><td><strong>\u20a9<\/strong>79,000<\/td><\/tr><tr><td>~21,500<\/td><td><strong>\u20a9<\/strong>80,500<\/td><\/tr><tr><td>~22,000<\/td><td><strong>\u20a9<\/strong>82,000<\/td><\/tr><tr><td>~22,500<\/td><td><strong>\u20a9<\/strong>83,500<\/td><\/tr><tr><td>~23,000<\/td><td><strong>\u20a9<\/strong>85,000<\/td><\/tr><tr><td>~23,500<\/td><td><strong>\u20a9<\/strong>86,500<\/td><\/tr><tr><td>~24,000<\/td><td><strong>\u20a9<\/strong>88,000<\/td><\/tr><tr><td>~24,500<\/td><td><strong>\u20a9<\/strong>89,500<\/td><\/tr><tr><td>~25,000<\/td><td><strong>\u20a9<\/strong>91,000<\/td><\/tr><tr><td><span style=\"caret-color: rgb(0, 0, 0); color: rgb(0, 0, 0); font-family: -webkit-standard; font-size: medium; white-space: normal;\">~<\/span>25,500<\/td><td><strong>\u20a9<\/strong>92,500<\/td><\/tr><tr><td><span style=\"caret-color: rgb(0, 0, 0); color: rgb(0, 0, 0); font-family: -webkit-standard; font-size: medium; white-space: normal;\">~<\/span>26,000<\/td><td><strong>\u20a9<\/strong>94,000<\/td><\/tr><tr><td><span style=\"caret-color: rgb(0, 0, 0); color: rgb(0, 0, 0); font-family: -webkit-standard; font-size: medium; white-space: normal;\">~<\/span>26,500<\/td><td><strong>\u20a9<\/strong>95,500<\/td><\/tr><tr><td><span style=\"caret-color: rgb(0, 0, 0); color: rgb(0, 0, 0); font-family: -webkit-standard; font-size: medium; white-space: normal;\">~<\/span>27,000<\/td><td><strong>\u20a9<\/strong>97,000<\/td><\/tr><tr><td><span style=\"caret-color: rgb(0, 0, 0); color: rgb(0, 0, 0); font-family: -webkit-standard; font-size: medium; white-space: normal;\">~<\/span>27,500<\/td><td><strong>\u20a9<\/strong>98,500<\/td><\/tr><tr><td><span style=\"caret-color: rgb(0, 0, 0); color: rgb(0, 0, 0); font-family: -webkit-standard; font-size: medium; white-space: normal;\">~<\/span>28,000<\/td><td><strong>\u20a9<\/strong>100,000<\/td><\/tr><tr><td><span style=\"caret-color: rgb(0, 0, 0); color: rgb(0, 0, 0); font-family: -webkit-standard; font-size: medium; white-space: normal;\">~<\/span>28,500<\/td><td><strong>\u20a9<\/strong>101,500<\/td><\/tr><tr><td><span style=\"caret-color: rgb(0, 0, 0); color: rgb(0, 0, 0); font-family: -webkit-standard; font-size: medium; white-space: normal;\">~<\/span>29,000<\/td><td><strong>\u20a9<\/strong>103,000<\/td><\/tr><tr><td><span style=\"caret-color: rgb(0, 0, 0); color: rgb(0, 0, 0); font-family: -webkit-standard; font-size: medium; white-space: normal;\">~<\/span>29,500<\/td><td><strong>\u20a9<\/strong>104,500<\/td><\/tr><tr><td><span style=\"caret-color: rgb(0, 0, 0); color: rgb(0, 0, 0); font-family: -webkit-standard; font-size: medium; white-space: normal;\">~<\/span>30,000<\/td><td><strong>\u20a9<\/strong>106,000<\/td><\/tr><\/tbody><\/table><\/figure>\n","protected":false},"excerpt":{"rendered":"<p>\u203b\u6c96\u7e04\u3001\u5317\u6d77\u9053\u3078\u306e\u914d\u9001\u306e\u5834\u5408\u306f\u914d\u9001\u6599\u304c\u6599\u91d1\u8868\u3068\u306f\u7570\u306a\u308b\u53ef\u80fd\u6027\u304c\u3054\u3056\u3044\u307e\u3059\u3002 \u5b9a\u671f\u914d\u9001\u307e\u305f\u306f\u5927\u91cf\u914d\u9001\u306e\u6599\u91d1\u306b\u95a2\u3059\u308b\u304a\u554f\u3044\u5408\u308f\u305b\u3001\u53ca\u3073\u8cea\u554f\u4e8b\u9805\u306f\u516c\u5f0fLINE\u3067\u304a\u554f\u3044\u5408\u308f\u305b\u304f\u3060\u3055\u3044\u3002 \u9001\u6599\u8a08\u7b97\u306b\u3064\u3044\u3066 \u914d\u9001\u8cbb\u306f\u304a\u8377\u7269\u306e\u5b9f\u969b\u306e\u91cd [&hellip;]<\/p>\n","protected":false},"author":8,"featured_media":0,"parent":2818,"menu_order":0,"comment_status":"closed","ping_status":"closed","template":"","meta":{"inline_featured_image":false,"_locale":"zh_CN","_original_post":"http:\/\/yypost-main.net\/?page_id=2582","vkexunit_cta_each_option":"","footnotes":""},"_links":{"self":[{"href":"https:\/\/yypost-main.net\/wp-json\/wp\/v2\/pages\/2825"}],"collection":[{"href":"https:\/\/yypost-main.net\/wp-json\/wp\/v2\/pages"}],"about":[{"href":"https:\/\/yypost-main.net\/wp-json\/wp\/v2\/types\/page"}],"author":[{"embeddable":true,"href":"https:\/\/yypost-main.net\/wp-json\/wp\/v2\/users\/8"}],"replies":[{"embeddable":true,"href":"https:\/\/yypost-main.net\/wp-json\/wp\/v2\/comments?post=2825"}],"version-history":[{"count":1,"href":"https:\/\/yypost-main.net\/wp-json\/wp\/v2\/pages\/2825\/revisions"}],"predecessor-version":[{"id":2827,"href":"https:\/\/yypost-main.net\/wp-json\/wp\/v2\/pages\/2825\/revisions\/2827"}],"up":[{"embeddable":true,"href":"https:\/\/yypost-main.net\/wp-json\/wp\/v2\/pages\/2818"}],"wp:attachment":[{"href":"https:\/\/yypost-main.net\/wp-json\/wp\/v2\/media?parent=2825"}],"curies":[{"name":"wp","href":"https:\/\/api.w.org\/{rel}","templated":true}]}}