{"id":2818,"date":"2023-04-03T14:49:59","date_gmt":"2023-04-03T05:49:59","guid":{"rendered":"http:\/\/yypost-main.net\/?page_id=2818"},"modified":"2023-04-03T20:58:44","modified_gmt":"2023-04-03T11:58:44","slug":"delivery-notes","status":"publish","type":"page","link":"https:\/\/yypost-main.net\/zh\/delivery-notes\/","title":{"rendered":"\u5173\u4e8e\u914d\u9001\u5185\u5bb9\u7684\u6ce8\u610f\u4e8b\u9879"},"content":{"rendered":"\n<h1 class=\"wp-block-heading\">\u914d\u9001\u5185\u5bb9\u3068\u95a2\u7a0e\u306b\u95a2\u3059\u308b\u6ce8\u610f\u4e8b\u9805<\/h1>\n\n\n\n<p>\u914d\u9001\u304a\u3088\u3073\u53d7\u4ed8\u524d\u306b\u5fc5\u305a\u4e0b\u8a18\u306e\u6ce8\u610f\u4e8b\u9805\u3092\u3054\u78ba\u8a8d\u306e\u4e0a\u3001\u914d\u9001\u304a\u3088\u3073\u53d7\u4ed8\u3092\u304a\u9858\u3044\u3057\u307e\u3059\u3002 \u672c\u6ce8\u610f\u4e8b\u9805\u3092\u78ba\u8a8d\u305b\u305a\u306b\u914d\u9001\u3092\u3057\u305f\u5834\u5408\u306b\u767a\u751f\u3059\u308b\u4e0d\u5229\u76ca\u3001\u5546\u54c1\u306e\u7834\u640d\u3001\u5909\u5f62\u3001\u8fd4\u9001\u53ca\u3073\u5ec3\u68c4\u306b\u3064\u3044\u3066YYPOST\u306f\u8cac\u4efb\u3092\u8ca0\u3044\u307e\u305b\u3093\u3002<\/p>\n\n\n\n<h2 class=\"wp-block-heading\"><strong>\u9001\u6599\u8a08\u7b97\u306b\u3064\u3044\u3066<\/strong><\/h2>\n\n\n\n<p>\u30fb\u914d\u9001\u8cbb\u306f\u304a\u8377\u7269\u306e\u5b9f\u969b\u306e\u91cd\u91cf\u3068\u4f53\u7a4d\u91cd\u91cf\u306e\u3046\u3061\u5927\u304d\u3044\u65b9\u3092\u57fa\u6e96\u3067\u7b97\u5b9a\u3055\u308c\u307e\u3059\u3002<\/p>\n\n\n\n<p>\u4f53\u7a4d\u91cd\u91cf\u306e\u8a08\u7b97\u65b9\u6cd5<\/p>\n\n\n\n<p>\u6a2a(cm) \u00d7 \u7e26(cm) \u00d7\u9ad8\u3055(cm) \u00f7 6000=\u91cd\u3055 (\u4f8b\uff1a30cm \u00d7 20cm \u00d7 10cm \u00f7 6000=1kg)<\/p>\n\n\n\n<div class=\"wp-block-vk-blocks-button vk_button vk_button-color-custom vk_button-align-center\"><a href=\"https:\/\/yypost-main.net\/zh\/delivery-notes\/price-list\/\" class=\"vk_button_link btn has-background has-vk-color-primary-background-color btn-md\" role=\"button\" aria-pressed=\"true\" rel=\"noopener\"><div class=\"vk_button_link_caption\"><span class=\"vk_button_link_txt\">\u914d\u9001\u6599\u4fa1\u683c\u8868<\/span><\/div><\/a><\/div>\n\n\n\n<h2 class=\"wp-block-heading\"><strong>\u914d\u9001\u4e0d\u53ef\u54c1\u76ee\u30fb\u500b\u6570\u5236\u9650\u306b\u3064\u3044\u3066<\/strong><\/h2>\n\n\n\n<p>\u30fb\u8096\u50cf\u6a29\u3001\u5546\u6a19\u6a29\u3001\u8457\u4f5c\u6a29(\u30a4\u30df\u30c6\u30fc\u30b7\u30e7\u30f3\u5546\u54c1\u542b\u3080) \u4fb5\u5bb3\u5546\u54c1<\/p>\n\n\n\n<p>\u30fc\u65e5\u672c\u306e\u7a0e\u95a2\u306b\u3066\u6ca1\u53ce\u3055\u308c\u308b\u53ef\u80fd\u6027\u304c\u3054\u3056\u3044\u307e\u3059\u3002\u305d\u306e\u5834\u5408\u3001\u4fdd\u8a3c\u306a\u3069\u306e\u8cac\u4efb\u306f\u8ca0\u3044\u304b\u306d\u307e\u3059\u3002<\/p>\n\n\n\n<p>\u200b<\/p>\n\n\n\n<p>\u30fb\u5f15\u706b\u6027\u3001\u53ef\u71c3\u6027\u7269\u8cea\u306e\u767a\u9001\u4e0d\u53ef(\u822a\u7a7a\u4f1a\u793e)<\/p>\n\n\n\n<p>\u30fc\u30b9\u30d7\u30ec\u30fc\u3001\u30e0\u30fc\u30b9\u3001\u9999\u6c34\u3001\u30a2\u30eb\u30b3\u30fc\u30eb\u6210\u5206\u3001\u30d8\u30a2\u30ab\u30e9\u30fc(\u904e\u9178\u5316\u6c34\u7d20)\u3001\u30ea\u30c1\u30a6\u30e0\u30d0\u30c3\u30c6\u30ea\u30fc\u3001\u9152\u985e\u306a\u3069\u3068\u540c\u69d8\u306e\u5f15\u706b\u6027\u8ca8\u7269\u3001\u5371\u967a\u7269\u306b\u5206\u985e\u3055\u308c\u308b\u7269\u54c1\u306f\u4e8b\u524d\u306b\u78ba\u8a8d\u3092\u304a\u9858\u3044\u3044\u305f\u3057\u307e\u3059\u3002<\/p>\n\n\n\n<p>\u200b<\/p>\n\n\n\n<p>\u30fb\u54c1\u76ee\u3001\u6570\u91cf\u5236\u9650(\u65e5\u672c\u306e\u7a0e\u95a2)<\/p>\n\n\n\n<p>\u30fc\u5316\u7ca7\u54c1\uff1a\u901a\u5e38\u30012\u304b\u6708\u4f7f\u7528\u5206\u307e\u3067\u3068\u9650\u5b9a\u3055\u308c\u3066\u304a\u308a\u3001\u30de\u30b9\u30af\u30b7\u30fc\u30c8\u306f24\u30bb\u30c3\u30c8\u307e\u3067\u914d\u9001\u53ef\u80fd\u3067\u3059\u3002<\/p>\n\n\n\n<p>\u5927\u91cf\u8cfc\u5165\u306e\u304a\u5ba2\u69d8\u306f1\u7bb1\u3067\u914d\u9001\u306e\u5834\u5408\u3001\u767a\u9001\u304c\u4e0d\u53ef\u3068\u306a\u3063\u305f\u308a\u95a2\u7a0e\u304c\u591a\u304f\u8ab2\u91d1\u3055\u308c\u308b\u53ef\u80fd\u6027\u304c\u3054\u3056\u3044\u307e\u3059\u3002<\/p>\n\n\n\n<p>\u200b<\/p>\n\n\n\n<p>\u30fc\u30b3\u30f3\u30bf\u30af\u30c8\u30ec\u30f3\u30ba\uff1a\u901a\u5e38\u30012\u304b\u6708\u4f7f\u7528\u5206\u307e\u3067\u3068\u9650\u5b9a\u3055\u308c\u3066\u3044\u307e\u3059\u3002<\/p>\n\n\n\n<p>\u30c7\u30a4\u30ea\u30fc(1\u30da\u30a2)60\u65e5\u5206\u30fb1\u9031\u9593\u7528(1\u30da\u30a2)9\u9031\u9593\u5206\u30fb1\u30f5\u6708\u7528(1\u30da\u30a2)2\u30f5\u6708\u5206\u307e\u3067<\/p>\n\n\n\n<p>\u30fc\u98df\u54c1\uff1a\u30ec\u30c8\u30eb\u30c8\u306e\u307f\u53ef\u80fd<\/p>\n\n\n\n<p>\u200b<\/p>\n\n\n\n<p>\u4e0a\u8a18\u4e8b\u9805\u304c\u9075\u5b88\u3055\u308c\u3066\u304a\u3089\u305a\u901a\u95a2\u4e0d\u53ef\u306b\u3088\u308a\u97d3\u56fd\u306b\u8fd4\u9001\u6642\u3001\u901a\u5e38\u914d\u9001\u6599\u306b\u52a0\u3048\u8fd4\u9001\u914d\u9001\u6599\u304c\u767a\u751f\u3044\u305f\u3057\u307e\u3059\u3002<\/p>\n\n\n\n<p><\/p>\n\n\n\n<h2 class=\"wp-block-heading\"><strong>\u7981\u6b62\u53ca\u3073\u5236\u9650\u54c1\u76ee<\/strong><\/h2>\n\n\n\n<p><strong>\u914d\u9001\u524d\u306b\u5fc5\u305a<a href=\"https:\/\/yypost-main.net\/restriction\/\" data-type=\"URL\" data-id=\"https:\/\/yypost-main.net\/restriction\/\">\u3053\u3061\u3089<\/a>\u3092\u53c2\u7167\u306b\u3057\u3066\u304f\u3060\u3055\u3044\u3002<\/strong><\/p>\n\n\n\n<p>\u3010\u7981\u6b62\u54c1\u76ee\u3011<\/p>\n\n\n\n<p>\u4e0b\u8a18\u306e\u7269\u54c1\u4ee5\u5916\u306b\u3082\u8ffd\u52a0\u3067\u904b\u9001\u304c\u4e0d\u53ef\u306b\u306a\u308b\u54c1\u76ee\u304c\u542b\u307e\u308c\u308b\u5834\u5408\u306f<\/p>\n\n\n\n<p>\u304a\u8377\u7269\u306e\u904b\u9001\u304c\u62d2\u5426\u3055\u308c\u308b\u53ef\u80fd\u6027\u3082\u3054\u3056\u3044\u307e\u3059\u306e\u3067\u4e88\u3081\u3054\u4e86\u627f\u304f\u3060\u3055\u3044\u307e\u305b\u3002<\/p>\n\n\n\n<p>\u200b<\/p>\n\n\n\n<p>\u30fbSUMSUNG Galaxy Note7\u3068\u305d\u306e\u90e8\u54c1<\/p>\n\n\n\n<p>\u30fb\u91d1\u584a(\u8cb4\u91d1\u5c5e)<\/p>\n\n\n\n<p>\u30fb\u73fe\u91d1( \u6cd5\u5ef7\u901a\u8ca8\u30fc\u9280\u884c\u624b\u5f62\u3001\u6cd5\u5b9a\u8cc7\u91d1)<\/p>\n\n\n\n<p>\u30fb\u9283\u706b\u5668\u985e\u3001\u7206\u5f3e\u7269\u3001\u30a8\u30a2\u30ac\u30f3\u304a\u3088\u3073\u6a21\u9020\u9283\u5668\u985e<\/p>\n\n\n\n<p>\u30fb\u4eba\u9593\u306e\u907a\u9aa8\u307e\u305f\u306f\u907a\u9ab8<\/p>\n\n\n\n<p>\u200b\u30fb\u30cf\u30f3\u30c6\u30a3\u30f3\u30b0\u30c8\u30ed\u30d5\u30a3\u30fc\u3001\u52d5\u7269\u306e\u7279\u5b9a\u90e8\u4f4d\uff08\u8c61\u7259\u3001\u30b5\u30e1 \u30d5\u30a3\u30f3)\u3001\u52d5\u7269\u306e\u6b7b\u4f53\u3001\u306c\u3044\u3050\u308b\u307f\u3001\u56fd\u969b\u6a5f\u95a2 \u307e\u305f\u306f\u653f\u5e9c\u898f\u5236\u54c1\u76ee<\/p>\n\n\n\n<p>\u30fb\u507d\u9020\u54c1\u3084\u85ac\u306a\u3069\u306e\u9055\u6cd5\u88fd\u54c1<\/p>\n\n\n\n<p>\u30fb\u751f\u304d\u305f\u52d5\u7269\uff08\u54fa\u4e73\u985e\u3001\u722c\u866b\u985e\u3001\u9b5a\u985e\u3001\u7121\u810a\u690e\u52d5\u7269\u3001 \u4e21\u751f\u985e\u3001\u9ce5\u985e\u3001\u6606\u866b\u3001\u5e7c\u866b\u3001\u86f9\u306a\u3069\uff09<\/p>\n\n\n\n<p>\u30fbIATA PI968 Section I\u3001Section II\u30ea\u30c1\u30a6\u30e0\u30e1\u30bf\u30eb \u30d0\u30c3\u30c6\u30ea\u30fc\u8ca8\u7269<\/p>\n\n\n\n<p>\u30fb\u8cb4\u77f3\u304a\u3088\u3073\u6e96\u5b9d\u77f3<\/p>\n\n\n\n<p>\u200b<\/p>\n\n\n\n<p>\u3010\u5236\u9650\u54c1\u76ee\u3011<\/p>\n\n\n\n<p>\u4e0b\u8a18\u306e\u7269\u54c1\u3092\u767a\u9001\u3059\u308b\u5834\u5408\u3001\u914d\u9001\u696d\u8005\u306e\u4e8b\u524d\u5546\u54c1\u304c\u5fc5\u8981\u3067\u3059\u3002<\/p>\n\n\n\n<p>\u8a73\u3057\u3044\u5185\u5bb9\u306f\u304a\u554f\u3044\u5408\u308f\u305b\u304f\u3060\u3055\u3044\u307e\u305b\u3002<\/p>\n\n\n\n<p>\u200b<\/p>\n\n\n\n<p>\u200b\u30fb\u30a8\u30a2\u30ac\u30f3\u3001\u30c6\u30a4\u30b6\u30fc\u30ac\u30f3\u3001\u30e2\u30c7\u30eb\u30ac\u30f3\u3001\u9283\u5668\u90e8\u54c1\u3001\u5f3e\u85ac<\/p>\n\n\n\n<p>\uff08\u9283\u5668\u985e\u88fd\u4f5c\u306e\u305f\u3081\u306e\u30e9\u30a4\u30d5\u30eb\u9283\u306e\u30ae\u30e3\u30b6\u30fc\u30d7\u30ec\u30fc\u30c8\u3001\u5236\u52d5\u6a5f\u69cb\u3001 \u306d\u3058\u3084\u30dc\u30eb\u30c8\u306a\u3069\u3082\u3053\u308c\u306b\u542b\u307e\u308c\u308b\uff09<\/p>\n\n\n\n<p>\u30fb\u30a2\u30f3\u30c6\u30a3\u30fc\u30af\u3084\u82b8\u8853\u54c1\u3092\u542b\u3080\u8ca8\u7269\u306e\u5546\u54c1\u4fa1\u683c EUR 500,000\u3092\u8d85\u3048\u308b\u5834\u5408<\/p>\n\n\n\n<p>\u30fb\u7d0d\u7a0e\u8a3c\u7d19\u3092\u542b\u3080\u8ca8\u7269\u306e\u5546\u54c1\u4fa1\u683c\u304cEUR 500,000\u3092\u8d85\u3048\u308b\u5834\u5408<\/p>\n\n\n\n<p>\u30fb\u8a31\u53ef\u3055\u308c\u305f\u88fd\u85ac\u4f1a\u793e\u306e\u533b\u7642\u76ee\u7684\u306e\u305f\u3081\u306e\u5927\u9ebb\u8f38\u9001<\/p>\n\n\n\n<p>\u30fb\u96fb\u5b50\u30bf\u30d0\u30b3\u3092\u542b\u3080\u3042\u3089\u3086\u308b\u5f62\u614b\u306e\u30bf\u30d0\u30b3\u3092\u542b\u3080 \u8ca8\u7269\u306e\u5546\u54c1\u4fa1\u683c\u304cEUR 500,000\u3092\u8d85\u3048\u308b\u5834\u5408<\/p>\n\n\n\n<p>\u30fb\u8a18\u5ff5\u30b3\u30a4\u30f3\u3068\u30e1\u30c0\u30eb\u4fa1\u683c\u304cEUR&nbsp;2,000\u4ee5\u4e0a\u306e\u5834\u5408<\/p>\n\n\n\n<p>\u30fb\u9999\u6c34\u3001\u30a2\u30d5\u30bf\u30fc\u30b7\u30a7\u30fc\u30d6\u30ed\u30fc\u30b7\u30e7\u30f3\u3001\u30a8\u30a2\u30ed\u30be\u30eb\uff08\u30b9\u30d7\u30ec\u30fc\u306e\u5f62\u3067 \u5674\u5c04\u3055\u308c\u308b\u88fd\u54c1\uff09\u3001\u53ef\u71c3\u6027\u7269\u8cea\u3001\u30c9\u30e9\u30a4\u30a2\u30a4\u30b9\u3001\u751f\u4f53 \u7269\u8cea\u3001\u56fd\u9023\u304c\u6307\u5b9a\u3057\u305f\u5371\u967a\u7269\u3001IATA\/ADR\/IMDG \u898f\u5b9a\u306b\u3088\u308a\u5371\u967a\u7269\u306b\u5206\u985e\u3055\u308c\u308b\u7269\u8cea\u3092\u542b\u3080 \u8ca8\u7269\u306e\u7dcf\u5546\u54c1\u4fa1\u683c\u304cEUR&nbsp;500,000\u3092\u8d85\u3048\u308b\u5834\u5408<\/p>\n\n\n\n<p>\u30fb\u91d1\u878d\u304a\u3088\u3073\u901a\u8ca8\u5546\u54c1\uff08\u643a\u5e2f\u96fb\u8a71\u3092\u4f7f\u7528\u3059\u308b\u305f\u3081\u306e\u30a2\u30af\u30c6\u30a3\u30d6 SIM\u30ab\u30fc\u30c9\u3001\u30af\u30ec\u30b8\u30c3\u30c8\u30ab\u30fc\u30c9\u3001\u30c1\u30a7\u30c3\u30af\u30ab\u30fc\u30c9\u3001\u7a7a\u624b\u672d\u3001\u30a4\u30d9\u30f3\u30c8\u30c1\u30b1\u30c3\u30c8\u3001 \u30ed\u30c8\u3001\u91d1\u92ad\u307e\u305f\u306f\u90f5\u4fbf\u70ba\u66ff\u3001\u524d\u6255\u3044\u96fb\u8a71\u30ab\u30fc\u30c9\u3001\u30c1\u30b1\u30c3\u30c8\u3001\u65c5\u884c\u8005 \u5c0f\u5207\u624b\u3001\u30d0\u30a6\u30c1\u30e3\u30fc\u3001\u30c8\u30fc\u30af\u30f3\u3001\u672a\u4f7f\u7528\u5207\u624b\u306a\u3069\uff09\u3092\u542b\u3080 \u8ca8\u7269\u306e\u7dcf\u5546\u54c1\u4fa1\u683c\u304cEUR&nbsp;500,000\u3092\u8d85\u3048\u308b\u5834\u5408<\/p>\n\n\n\n<p>\u30fb\u6bdb\u76ae<\/p>\n\n\n\n<p>\u30fb\u5b9d\u77f3\u3001\u6642\u8a08\u3001EUR&nbsp;5,000\u4ee5\u4e0a\u306e\u5546\u54c1\u306f \u51fa\u8377\u304c\u5236\u9650\u3055\u308c\u308b\u53ef\u80fd\u6027\u304c\u3042\u308a\u3001\u305d\u308c\u3089\u3092\u542b\u3080\u8ca8\u7269\u306e\u5408\u8a08 \u5546\u54c1\u4fa1\u683c\u306fEUR&nbsp;100,000\u672a\u6e80\u3067\u306a\u3051\u308c\u3070\u306a\u308a\u307e\u305b\u3093\u3002<\/p>\n\n\n\n<div class=\"wp-block-vk-blocks-button vk_button vk_button-color-custom vk_button-align-center\"><a href=\"https:\/\/yypost-main.net\/zh\/delivery-notes\/restriction\/\" class=\"vk_button_link btn has-background has-vk-color-primary-background-color btn-md\" role=\"button\" aria-pressed=\"true\" rel=\"noopener\"><div class=\"vk_button_link_caption\"><span class=\"vk_button_link_txt\">\u914d\u9001\u7981\u8f38\u54c1\u4e00\u89a7<\/span><\/div><\/a><\/div>\n","protected":false},"excerpt":{"rendered":"<p>\u914d\u9001\u5185\u5bb9\u3068\u95a2\u7a0e\u306b\u95a2\u3059\u308b\u6ce8\u610f\u4e8b\u9805 \u914d\u9001\u304a\u3088\u3073\u53d7\u4ed8\u524d\u306b\u5fc5\u305a\u4e0b\u8a18\u306e\u6ce8\u610f\u4e8b\u9805\u3092\u3054\u78ba\u8a8d\u306e\u4e0a\u3001\u914d\u9001\u304a\u3088\u3073\u53d7\u4ed8\u3092\u304a\u9858\u3044\u3057\u307e\u3059\u3002 \u672c\u6ce8\u610f\u4e8b\u9805\u3092\u78ba\u8a8d\u305b\u305a\u306b\u914d\u9001\u3092\u3057\u305f\u5834\u5408\u306b\u767a\u751f\u3059\u308b\u4e0d\u5229\u76ca\u3001\u5546\u54c1\u306e\u7834\u640d\u3001\u5909\u5f62\u3001\u8fd4\u9001\u53ca\u3073\u5ec3\u68c4\u306b\u3064\u3044\u3066YYPOST\u306f [&hellip;]<\/p>\n","protected":false},"author":8,"featured_media":0,"parent":0,"menu_order":0,"comment_status":"closed","ping_status":"closed","template":"","meta":{"inline_featured_image":false,"_locale":"zh_CN","_original_post":"http:\/\/yypost-main.net\/?page_id=2570","vkexunit_cta_each_option":"","footnotes":""},"_links":{"self":[{"href":"https:\/\/yypost-main.net\/wp-json\/wp\/v2\/pages\/2818"}],"collection":[{"href":"https:\/\/yypost-main.net\/wp-json\/wp\/v2\/pages"}],"about":[{"href":"https:\/\/yypost-main.net\/wp-json\/wp\/v2\/types\/page"}],"author":[{"embeddable":true,"href":"https:\/\/yypost-main.net\/wp-json\/wp\/v2\/users\/8"}],"replies":[{"embeddable":true,"href":"https:\/\/yypost-main.net\/wp-json\/wp\/v2\/comments?post=2818"}],"version-history":[{"count":2,"href":"https:\/\/yypost-main.net\/wp-json\/wp\/v2\/pages\/2818\/revisions"}],"predecessor-version":[{"id":2958,"href":"https:\/\/yypost-main.net\/wp-json\/wp\/v2\/pages\/2818\/revisions\/2958"}],"wp:attachment":[{"href":"https:\/\/yypost-main.net\/wp-json\/wp\/v2\/media?parent=2818"}],"curies":[{"name":"wp","href":"https:\/\/api.w.org\/{rel}","templated":true}]}}