{"id":2837,"date":"2023-04-03T15:01:45","date_gmt":"2023-04-03T06:01:45","guid":{"rendered":"http:\/\/yypost-main.net\/?page_id=2837"},"modified":"2025-01-22T16:56:45","modified_gmt":"2025-01-22T07:56:45","slug":"faq","status":"publish","type":"page","link":"https:\/\/yypost-main.net\/ko\/delivery-notes\/faq\/","title":{"rendered":"\uc790\uc8fc \ubb3b\ub294 \uc9c8\ubb38"},"content":{"rendered":"\n<div class=\"wp-block-vk-blocks-faq2 vk_faq  \"><div class=\"vk_faq-header\"><\/div><dl class=\"vk_faq-body\">\n<dt class=\"wp-block-vk-blocks-faq2-q vk_faq_title\">\n<p><strong>\uc77c\ubcf8\uae4c\uc9c0 \uc5bc\ub9c8\ub098 \uac78\ub9ac\ub098\uc694?<\/strong><\/p>\n<\/dt>\n\n\n\n<dd class=\"wp-block-vk-blocks-faq2-a vk_faq_content\">\n<p>\ucd5c\ub2e8 3\uc77c, 1\uc8fc\uc77c \uc804\ud6c4\ub97c \uae30\uc900\uc73c\ub85c \ubc30\uc1a1\ub418\uace0 \uc788\uc2b5\ub2c8\ub2e4.<\/p>\n<\/dd>\n<\/dl><div class=\"vk_faq-footer\"><\/div><\/div>\n\n\n\n<div class=\"wp-block-vk-blocks-faq2 vk_faq  \"><div class=\"vk_faq-header\"><\/div><dl class=\"vk_faq-body\">\n<dt class=\"wp-block-vk-blocks-faq2-q vk_faq_title\">\n<p>\ud604\uae08 \ubc30\uc1a1\uc774 \uac00\ub2a5\ud55c\uac00\uc694?<\/p>\n<\/dt>\n\n\n\n<dd class=\"wp-block-vk-blocks-faq2-a vk_faq_content\">\n<p>\ud604\uae08\uc744 \ud3ec\ud568\ud55c \uadc0\uc911\ud488\uc744 \ubcf4\ub0bc \uc218 \uc5c6\uc2b5\ub2c8\ub2e4.<\/p>\n<\/dd>\n<\/dl><div class=\"vk_faq-footer\"><\/div><\/div>\n\n\n\n<div class=\"wp-block-vk-blocks-faq2 vk_faq  \"><div class=\"vk_faq-header\"><\/div><dl class=\"vk_faq-body\">\n<dt class=\"wp-block-vk-blocks-faq2-q vk_faq_title\">\n<p><strong><strong>\ubcf4\ub0bc \uc218 \uc5c6\ub294 \uac83\uc5d0\ub294 \uc5b4\ub5a4 \uac83\ub4e4\uc774 \uc788\ub098\uc694?<\/strong><\/strong><\/p>\n<\/dt>\n\n\n\n<dd class=\"wp-block-vk-blocks-faq2-a vk_faq_content\">\n<p>\uc704\ud5d8\ubb3c\ub4f1\uc758 \ubc30\uc1a1 \uc790\uccb4\uac00 \uae08\uc9c0\ub418\uace0 \uc788\uc73c\ub098, \ub098\ub77c\u00b7\uc9c0\uc5ed\uc5d0 \uc758\ud574 \uc81c\ud55c\ub418\uace0 \uc788\ub294 \uac83\uc774 \uc788\uc2b5\ub2c8\ub2e4. <\/p>\n\n\n\n<div class=\"wp-block-vk-blocks-button vk_button vk_button-color-custom vk_button-align-wide\"><a class=\"vk_button_link btn has-background has-vk-color-primary-background-color btn-md\" role=\"button\" aria-pressed=\"true\" rel=\"noopener\"><div class=\"vk_button_link_caption\"><span class=\"vk_button_link_txt\">\ubc30\uc1a1\uae08\uc9c0\ud488 \uc77c\ub78c<\/span><i class=\"fas fa-arrow-circle-right vk_button_link_after\"><\/i><\/div><\/a><\/div>\n<\/dd>\n<\/dl><div class=\"vk_faq-footer\"><\/div><\/div>\n\n\n\n<div class=\"wp-block-vk-blocks-faq2 vk_faq  \"><div class=\"vk_faq-header\"><\/div><dl class=\"vk_faq-body\">\n<dt class=\"wp-block-vk-blocks-faq2-q vk_faq_title\">\n<p>\ud658\ubd88 \uac00\ub2a5\ud55c\uac00\uc694?<\/p>\n<\/dt>\n\n\n\n<dd class=\"wp-block-vk-blocks-faq2-a vk_faq_content\">\n<p>\uace0\uac1d\ub2d8\uc758  \ubc30\uc1a1\ucc98\ub4f1\uc758 \uc815\ubcf4\uc758 \uc624\uae30\uc785\uc5d0 \uad00\ud574\uc11c\ub294 \ud658\ubd88\u00b7\ubc18\uc1a1\uc740 \uc5b4\ub835\uc2b5\ub2c8\ub2e4.<\/p>\n<\/dd>\n<\/dl><div class=\"vk_faq-footer\"><\/div><\/div>\n\n\n\n<div class=\"wp-block-vk-blocks-faq2 vk_faq  \"><div class=\"vk_faq-header\"><\/div><dl class=\"vk_faq-body\">\n<dt class=\"wp-block-vk-blocks-faq2-q vk_faq_title\">\n<p><strong>\ucc29\ubd88\u00b7\ub300\uae08 \uc0c1\ud658 \uc11c\ube44\uc2a4\uac00 \uc788\ub098\uc694?<\/strong><\/p>\n<\/dt>\n\n\n\n<dd class=\"wp-block-vk-blocks-faq2-a vk_faq_content\">\n<p>\uc8c4\uc1a1\ud569\ub2c8\ub2e4\ub9cc, \ud604\uc7ac \ucc29\ubd88\u00b7\ub300\uae08 \uc0c1\ud658 \uc11c\ube44\uc2a4\ub294 \ucde8\uae09\ud558\uace0 \uc788\uc9c0 \uc54a\uc2b5\ub2c8\ub2e4.<\/p>\n<\/dd>\n<\/dl><div class=\"vk_faq-footer\"><\/div><\/div>\n\n\n\n<div class=\"wp-block-vk-blocks-faq2 vk_faq  \"><div class=\"vk_faq-header\"><\/div><dl class=\"vk_faq-body\">\n<dt class=\"wp-block-vk-blocks-faq2-q vk_faq_title\">\n<p><strong>\ud574\uc678\uc5d0\uc11c \uc640\uc57c \ud560 \uc6b0\ud3b8\ubb3c\uc774 \ub3c4\ucc29\ud558\uc9c0 \uc54a\ub294\ub370 \uc5b4\ub5bb\uac8c \ubc30\uc1a1 \uc0c1\ud669\uc744 \uc54c \uc218 \uc788\ub098\uc694?<\/strong><\/p>\n<\/dt>\n\n\n\n<dd class=\"wp-block-vk-blocks-faq2-a vk_faq_content\">\n<p>\uc571\ub0b4\uc758 \ubc30\uc1a1 \uc0c1\uc138 \ud655\uc778\uc5d0\uc11c \ud655\uc778\ud558\uc2e4 \uc218 \uc788\uc2b5\ub2c8\ub2e4\ub9cc, \uc77c\ubcf8\uc5d0 \ub3c4\ucc29\ud558\uc9c0 \uc54a\uc740 \uacbd\uc6b0\uc5d0\ub294, \uc815\ubcf4\uac00 \ubc18\uc601\ub418\uc9c0 \uc54a\uc2b5\ub2c8\ub2e4.<\/p>\n\n\n\n<p>\ub610\ud55c \ud574\uc678\uc5d0 \uc788\ub294 \uc6b0\ud3b8\ubb3c\uc758 \ucd94\uc801 \uc815\ubcf4\ub294 \ud574\ub2f9 \uc6b0\uccb4\uad6d\uc5d0\uc11c \uc815\ubcf4\ub97c \uc785\ub825\ud558\uac8c \ub418\ubbc0\ub85c \uc815\ubcf4 \ubc18\uc601\uae4c\uc9c0 \uc2dc\uac04\uc774 \uac78\ub9ac\ub294 \uacbd\uc6b0\uac00 \uc788\uc2b5\ub2c8\ub2e4.<\/p>\n<\/dd>\n<\/dl><div class=\"vk_faq-footer\"><\/div><\/div>\n\n\n\n<div class=\"wp-block-vk-blocks-faq2 vk_faq  \"><div class=\"vk_faq-header\"><\/div><dl class=\"vk_faq-body\">\n<dt class=\"wp-block-vk-blocks-faq2-q vk_faq_title\">\n<p>\uce74\ub4dc\ub85c \ubc30\uc1a1\ube44 \uc9c0\ubd88\uc774 \uac00\ub2a5\ud55c\uac00\uc694<strong>?<\/strong><\/p>\n<\/dt>\n\n\n\n<dd class=\"wp-block-vk-blocks-faq2-a vk_faq_content\">\n<p>PayPal\uc744 \ud1b5\ud55c \uce74\ub4dc \uc9c0\ubd88\uc774 \uac00\ub2a5\ud569\ub2c8\ub2e4.<\/p>\n\n\n\n<p>\uadf8 \uc678 YYPOST\uc5d0\uc11c\ub294, \uc740\ud589 \uc1a1\uae08, PayPal\uc744 \ud1b5\ud55c \uc9c0\ubd88\uc774 \uac00\ub2a5\ud569\ub2c8\ub2e4.<\/p>\n<\/dd>\n<\/dl><div class=\"vk_faq-footer\"><\/div><\/div>\n\n\n\n<div class=\"wp-block-vk-blocks-faq2 vk_faq  \"><div class=\"vk_faq-header\"><\/div><dl class=\"vk_faq-body\">\n<dt class=\"wp-block-vk-blocks-faq2-q vk_faq_title\">\n<p>\ubc30\uc1a1 \uc694\uae08\uc740 \uc5b4\ub5bb\uac8c \ub418\ub098\uc694?<\/p>\n<\/dt>\n\n\n\n<dd class=\"wp-block-vk-blocks-faq2-a vk_faq_content\">\n<p>\ubc30\uc1a1\ube44\ub294 \uc218\ud558\ubb3c\uc758 \uc2e4\uc81c \uc911\ub7c9\uacfc \ubd80\ud53c \uc911\ub7c9 \uc911 \ud070 \ucabd\uc744 \uae30\uc900\uc73c\ub85c \uc0b0\uc815\ub429\ub2c8\ub2e4.<\/p>\n\n\n\n<p>\uccb4\uc801 \uc911\ub7c9 \uacc4\uc0b0 \ubc29\ubc95<\/p>\n\n\n\n<p>\uac00\ub85c(cm) \u00d7 \uc138\ub85c(cm) \u00d7 \ub192\uc774(cm) \u00f7 6000=\ubb34\uac8c (\uc608: 30cm \u00d7 20cm \u00d7 10cm \u00f7 6000=1kg)<\/p>\n\n\n\n<div class=\"wp-block-vk-blocks-button vk_button vk_button-color-custom vk_button-align-wide\"><a href=\"https:\/\/yypost-main.net\/ko\/delivery-notes\/price-list\/\" class=\"vk_button_link btn has-background has-vk-color-primary-background-color btn-md\" role=\"button\" aria-pressed=\"true\" rel=\"noopener\"><div class=\"vk_button_link_caption\"><span class=\"vk_button_link_txt\">\uc694\uae08 \ud655\uc778<\/span><i class=\"fas fa-arrow-circle-right vk_button_link_after\"><\/i><\/div><\/a><\/div>\n<\/dd>\n<\/dl><div class=\"vk_faq-footer\"><\/div><\/div>\n\n\n\n<div class=\"wp-block-vk-blocks-faq2 vk_faq  \"><div class=\"vk_faq-header\"><\/div><dl class=\"vk_faq-body\">\n<dt class=\"wp-block-vk-blocks-faq2-q vk_faq_title\">\n<p>\ud53d\uc5c5 \uc11c\ube44\uc2a4\ub294 \uc9d1\uc5d0\uc11c\ub9cc \ubc30\uc1a1\uc774 \uac00\ub2a5\ud55c\uac00\uc694? \u203b\uc11c\ube44\uc2a4 \uc900\ube44\uc911<\/p>\n<\/dt>\n\n\n\n<dd class=\"wp-block-vk-blocks-faq2-a vk_faq_content\">\n<p>\uc9c0\uc815 \uc8fc\uc18c\uc5d0\uc11c \ud53d\uc5c5\ub3c4 \uac00\ub2a5\ud569\ub2c8\ub2e4.<\/p>\n<\/dd>\n<\/dl><div class=\"vk_faq-footer\"><\/div><\/div>\n\n\n\n<div class=\"wp-block-vk-blocks-faq2 vk_faq  \"><div class=\"vk_faq-header\"><\/div><dl class=\"vk_faq-body\">\n<dt class=\"wp-block-vk-blocks-faq2-q vk_faq_title\">\n<p>\uc6b0\ud3b8 \uc694\uae08\uc740 \uc774\ubbf8 \uc9c0\ubd88\ud588\uc9c0\ub9cc \ubc30\ub2ec\uc6d0\uc73c\ub85c\ubd80\ud130 \uc694\uae08\uc774 \uccad\uad6c\ub418\uc5c8\ub294\ub370, \ubb34\uc2a8 \uc774\uc720\uc778\uac00\uc694?<\/p>\n<\/dt>\n\n\n\n<dd class=\"wp-block-vk-blocks-faq2-a vk_faq_content\">\n<p>\ubc30\uc1a1\uc9c0\uc758 \uad6d\uac00\uc5d0\uc11c \uad00\uc138\uac00 \uac78\ub838\uc744 \uacbd\uc6b0, \ubc30\ub2ec\uc2dc \uad00\uc138\uc640 \ud1b5\uad00\uc5d0 \uac78\ub9ac\ub294 \uc218\uc218\ub8cc\ub97c \ubc1b\ub294 \uac83\uc774 \uc788\uc2b5\ub2c8\ub2e4. \uc591\ud574 \ubd80\ud0c1\ub4dc\ub9bd\ub2c8\ub2e4.<\/p>\n<\/dd>\n<\/dl><div class=\"vk_faq-footer\"><\/div><\/div>\n\n\n\n<div class=\"wp-block-vk-blocks-faq2 vk_faq  \"><div class=\"vk_faq-header\"><\/div><dl class=\"vk_faq-body\">\n<dt class=\"wp-block-vk-blocks-faq2-q vk_faq_title\">\n<p>\uad00\uc138\ub294 \ubc18\ub4dc\uc2dc \uac78\ub9ac\ub098\uc694?<\/p>\n<\/dt>\n\n\n\n<dd class=\"wp-block-vk-blocks-faq2-a vk_faq_content\">\n<p>\uad00\uc138\uac00 \uac78\ub9ac\uba74 \ubc18\ub4dc\uc2dc \uc9c0\ubd88 \ubd80\ud0c1\ub4dc\ub9bd\ub2c8\ub2e4.<br>(\ub2f9\uc0ac\uc5d0\uac8c \uc9c0\ubd88\ud558\ub294 \ub300\uc2e0 \ubc30\uc1a1\uc5c5\uccb4\uc5d0 \uc9c0\ubd88\ud569\ub2c8\ub2e4)<br>\uad00\uc138\uc5d0 \uad00\ud55c \ud655\uc778\uc740 \ub2f9\uc0ac\uc5d0\uc11c\ub3c4 \uac00\ub2a5\ud558\uc9c0\ub9cc,  \ubb38\uc81c\uac00 \ubc1c\uc0dd\ud588\uc744 \uacbd\uc6b0 \ub2f9\uc0ac\uc5d0\uc11c\ub294 \ud574\uacb0\ud560 \uc218 \uc5c6\uae30 \ub54c\ubb38\uc5d0 \ud574\uacb0\uc5d0 \uad00\ud574\uc11c\ub294 \uace0\uac1d \uc2a4\uc2a4\ub85c \ubd80\ud0c1\ub4dc\ub9ac\uaca0\uc2b5\ub2c8\ub2e4.<\/p>\n\n\n\n<div class=\"wp-block-vk-blocks-button vk_button vk_button-color-custom vk_button-align-wide\"><a href=\"https:\/\/yypost-main.net\/ko\/delivery-notes\/customs\/\" class=\"vk_button_link btn has-background has-vk-color-primary-background-color btn-md\" role=\"button\" aria-pressed=\"true\" rel=\"noopener\"><div class=\"vk_button_link_caption\"><span class=\"vk_button_link_txt\">\uad00\uc138\uc5d0 \ub300\ud574<\/span><i class=\"fas fa-arrow-circle-right vk_button_link_after\"><\/i><\/div><\/a><\/div>\n<\/dd>\n<\/dl><div class=\"vk_faq-footer\"><\/div><\/div>\n\n\n\n<div class=\"wp-block-vk-blocks-spacer vk_spacer\"><div class=\"vk_spacer-display-pc\" style=\"margin-top:4rem\"><\/div><div class=\"vk_spacer-display-tablet\" style=\"margin-top:4rem\"><\/div><div class=\"vk_spacer-display-mobile\" style=\"margin-top:2rem\"><\/div><\/div>\n\n\n<section class=\"veu_pageList_ancestor veu_card veu_childPageIndex_block\"><div class=\"veu_card_inner\"><h3 class=\"pageList_ancestor_title veu_card_title\"><a href=\"https:\/\/yypost-main.net\/ko\/delivery-notes\/\">\ubc30\uc1a1\ub0b4\uc6a9\uc5d0 \uad00\ud55c \uc8fc\uc758\uc0ac\ud56d<\/a><\/h3><ul class=\"pageList\"><li class=\"page_item page-item-2832\"><a href=\"https:\/\/yypost-main.net\/ko\/delivery-notes\/customs\/\">\uad00\uc138\uc5d0 \ub300\ud574<\/a><\/li>\n<li class=\"page_item page-item-2828\"><a href=\"https:\/\/yypost-main.net\/ko\/delivery-notes\/restriction\/\">\ubc30\uc1a1\uae08\uc9c0\ud488 \uc77c\ub78c<\/a><\/li>\n<li class=\"page_item page-item-2824\"><a href=\"https:\/\/yypost-main.net\/ko\/delivery-notes\/price-list\/\">\ubc30\uc1a1\ube44 \uac00\uaca9\ud45c<\/a><\/li>\n<li class=\"page_item page-item-2837\"><a href=\"https:\/\/yypost-main.net\/ko\/delivery-notes\/faq\/\">\uc790\uc8fc \ubb3b\ub294 \uc9c8\ubb38<\/a><\/li>\n<\/ul><\/div><\/section>\n\n\n<div class=\"wp-block-vk-blocks-spacer vk_spacer\"><div class=\"vk_spacer-display-pc\" style=\"margin-top:4rem\"><\/div><div class=\"vk_spacer-display-tablet\" style=\"margin-top:4rem\"><\/div><div class=\"vk_spacer-display-mobile\" style=\"margin-top:2rem\"><\/div><\/div>\n","protected":false},"excerpt":{"rendered":"<p>\u5f0a\u793e\u306b\u3088\u304f\u304a\u554f\u3044\u5408\u308f\u305b\u3044\u305f\u3060\u304f\u5185\u5bb9\u3092\u63b2\u8f09\u3057\u3066\u3044\u307e\u3059\u3002\u304a\u554f\u3044\u5408\u308f\u305b\u306e\u524d\u306b\u4e00\u5ea6\u3054\u78ba\u8a8d\u3044\u305f\u3060\u304f\u3068\u65e9\u304f\u89e3\u6c7a\u51fa\u6765\u308b\u4e8b\u304c\u3042\u308a\u307e\u3059\u3002<\/p>\n","protected":false},"author":8,"featured_media":1659,"parent":2813,"menu_order":1,"comment_status":"closed","ping_status":"closed","template":"","meta":{"inline_featured_image":false,"_locale":"ko_KR","_original_post":"http:\/\/bizvektor.directweb.jp\/?page_id=25","vkexunit_cta_each_option":"","footnotes":""},"_links":{"self":[{"href":"https:\/\/yypost-main.net\/wp-json\/wp\/v2\/pages\/2837"}],"collection":[{"href":"https:\/\/yypost-main.net\/wp-json\/wp\/v2\/pages"}],"about":[{"href":"https:\/\/yypost-main.net\/wp-json\/wp\/v2\/types\/page"}],"author":[{"embeddable":true,"href":"https:\/\/yypost-main.net\/wp-json\/wp\/v2\/users\/8"}],"replies":[{"embeddable":true,"href":"https:\/\/yypost-main.net\/wp-json\/wp\/v2\/comments?post=2837"}],"version-history":[{"count":14,"href":"https:\/\/yypost-main.net\/wp-json\/wp\/v2\/pages\/2837\/revisions"}],"predecessor-version":[{"id":3107,"href":"https:\/\/yypost-main.net\/wp-json\/wp\/v2\/pages\/2837\/revisions\/3107"}],"up":[{"embeddable":true,"href":"https:\/\/yypost-main.net\/wp-json\/wp\/v2\/pages\/2813"}],"wp:featuredmedia":[{"embeddable":true,"href":"https:\/\/yypost-main.net\/wp-json\/wp\/v2\/media\/1659"}],"wp:attachment":[{"href":"https:\/\/yypost-main.net\/wp-json\/wp\/v2\/media?parent=2837"}],"curies":[{"name":"wp","href":"https:\/\/api.w.org\/{rel}","templated":true}]}}