{"id":2824,"date":"2023-04-03T14:54:15","date_gmt":"2023-04-03T05:54:15","guid":{"rendered":"http:\/\/yypost-main.net\/?page_id=2824"},"modified":"2025-05-15T16:04:28","modified_gmt":"2025-05-15T07:04:28","slug":"price-list","status":"publish","type":"page","link":"https:\/\/yypost-main.net\/ko\/delivery-notes\/price-list\/","title":{"rendered":"\ubc30\uc1a1\ube44 \uac00\uaca9\ud45c"},"content":{"rendered":"\n<p>\u203b\uc624\ud0a4\ub098\uc640, \ud64b\uce74\uc774\ub3c4\uc758 \ubc30\uc1a1\uc758 \uacbd\uc6b0\ub294 \ubc30\uc1a1\ub8cc\uac00 \uc694\uae08\ud45c\uc640\ub294 \ub2e4\ub978 \uacbd\uc6b0\uac00 \uc788\uc2b5\ub2c8\ub2e4.<\/p>\n\n\n\n<p>\uc815\uae30 \ubc30\uc1a1 \ub610\ub294 \ub300\ub7c9 \ubc30\uc1a1 \uc694\uae08\uc5d0 \uad00\ud55c \ubb38\uc758 \ubc0f \uc9c8\ubb38 \uc0ac\ud56d\uc740 \uacf5\uc2dd LINE\uc5d0\uc11c \ubb38\uc758 \ubd80\ud0c1\ub4dc\ub9bd\ub2c8\ub2e4.<\/p>\n\n\n\n<h3 class=\"wp-block-heading\">\ubc30\uc1a1\ube44 \uacc4\uc0b0<\/h3>\n\n\n\n<p>\ubc30\uc1a1\ube44\ub294 \uc218\ud558\ubb3c\uc758 \uc2e4\uc81c \uc911\ub7c9\uacfc \ubd80\ud53c \uc911\ub7c9 \uc911 \ud070 \ucabd\uc744 \uae30\uc900\uc73c\ub85c \uc0b0\uc815\ub429\ub2c8\ub2e4.<\/p>\n\n\n\n<p>\uccb4\uc801 \uc911\ub7c9 \uacc4\uc0b0 \ubc29\ubc95<\/p>\n\n\n\n<p>\uac00\ub85c(cm) \u00d7 \uc138\ub85c(cm) \u00d7 \ub192\uc774(cm) \u00f7 6000=\ubb34\uac8c<br>(\uc608: 30cm \u00d7 20cm \u00d7 10cm \u00f7 6000=1kg)<\/p>\n\n\n\n<p>\u203b 1\ubc15\uc2a4 \ud06c\uae30 \uac00\ub85c(cm) \u00d7 \uc138\ub85c(cm) \u00d7 \ub192\uc774(cm) =160cm\uae4c\uc9c0(\ub2e4\ub9cc, \ud55c \ubcc0\uc758 \ucd5c\ub300 \uae38\uc774\ub294 100\u339d \uc774\ub0b4\uc5d0 \ud55c\ud558\uc5ec \ucde8\uae09\ud569\ub2c8\ub2e4.)<br>\u203b \ub2f9\uc0ac\ub85c \uc0c1\ud488\uc744 \ubc30\uc1a1\ud560 \ub54c\ub294 \ubc15\uc2a4 \ud3ec\uc7a5 \uc0c1\ud0dc\ub85c \ubcf4\ub0b4\uc8fc\uc138\uc694. (\ube44\ub2d0 \ub4f1 \ud3ec\uc7a5 \ubd88\uac00)<br>\u203b \ub2f9\uc0ac\uc5d0\uc11c \uc0c1\ud488\uc744 \ub2e4\uc2dc \ud3ec\uc7a5\ud558\uac8c \ub41c \uacbd\uc6b0 \ubcc4\ub3c4 \uc218\uc218\ub8cc\uac00 \ubc1c\uc0dd\ud560 \uc218 \uc788\uc2b5\ub2c8\ub2e4.<br>\u203b\uc2e4\uc81c \uc911\ub7c9 \ub610\ub294 \ubd80\ud53c \uc911\ub7c9\uc774 30kg \ucd08\uacfc\ud558\ub294 \uacbd\uc6b0\ub294 \ubc30\uc1a1\ubd88\uac00<\/p>\n\n\n\n<figure class=\"wp-block-table is-style-stripes\"><table><thead><tr><th><strong>\ubb34\uac8c\u30fbWeight(g)<\/strong><\/th><th><strong>\u2460,\u2461 \ubc30\uc1a1\ub8cc YYPOST<\/strong><\/th><\/tr><\/thead><tbody><tr><td>~500<\/td><td><strong>\u20a9<\/strong>10,500<\/td><\/tr><tr><td>~1,000<\/td><td><strong>\u20a9<\/strong>12,000<\/td><\/tr><tr><td>~1,500<\/td><td><strong>\u20a9<\/strong>14,500<\/td><\/tr><tr><td>~2,000<\/td><td><strong>\u20a9<\/strong>16,000<\/td><\/tr><tr><td>~2,500<\/td><td><strong>\u20a9<\/strong>18,000<\/td><\/tr><tr><td>~3,000<\/td><td><strong>\u20a9<\/strong>19,500<\/td><\/tr><tr><td>~3,500<\/td><td><strong>\u20a9<\/strong>21,000<\/td><\/tr><tr><td>~4,000<\/td><td><strong>\u20a9<\/strong>22,500<\/td><\/tr><tr><td>~4,500<\/td><td><strong>\u20a9<\/strong>24,000<\/td><\/tr><tr><td>~5,000<\/td><td><strong>\u20a9<\/strong>25,500<\/td><\/tr><tr><td>~5,500<\/td><td><strong>\u20a9<\/strong>27,000<\/td><\/tr><tr><td>~6,000<\/td><td><strong>\u20a9<\/strong>28,500<\/td><\/tr><tr><td>~6,500<\/td><td><strong>\u20a9<\/strong>30,000<\/td><\/tr><tr><td>~7,000<\/td><td><strong>\u20a9<\/strong>31,500<\/td><\/tr><tr><td>~7,500<\/td><td><strong>\u20a9<\/strong>33,000<\/td><\/tr><tr><td>~8,000<\/td><td><strong>\u20a9<\/strong>34,500<\/td><\/tr><tr><td>~8,500<\/td><td><strong>\u20a9<\/strong>36,000<\/td><\/tr><tr><td>~9,000<\/td><td><strong>\u20a9<\/strong>37,500<\/td><\/tr><tr><td>~9,500<\/td><td><strong>\u20a9<\/strong>39,000<\/td><\/tr><tr><td>~10,000<\/td><td><strong>\u20a9<\/strong>40,500<\/td><\/tr><tr><td>~10,500<\/td><td><strong>\u20a9<\/strong>45,000<\/td><\/tr><tr><td>~11,000<\/td><td><strong>\u20a9<\/strong>46,500<\/td><\/tr><tr><td>~11,500<\/td><td><strong>\u20a9<\/strong>48,000<\/td><\/tr><tr><td>~12,000<\/td><td><strong>\u20a9<\/strong>49,500<\/td><\/tr><tr><td>~12,500<\/td><td><strong>\u20a9<\/strong>51,000<\/td><\/tr><tr><td>~13,000<\/td><td><strong>\u20a9<\/strong>52,500<\/td><\/tr><tr><td>~13,500<\/td><td><strong>\u20a9<\/strong>54,000<\/td><\/tr><tr><td>~14,000<\/td><td><strong>\u20a9<\/strong>55,500<\/td><\/tr><tr><td>~14,500<\/td><td><strong>\u20a9<\/strong>57,000<\/td><\/tr><tr><td>~15,000<\/td><td><strong>\u20a9<\/strong>58,500<\/td><\/tr><tr><td>~15,500<\/td><td><strong>\u20a9<\/strong>60,000<\/td><\/tr><tr><td>~16,000<\/td><td><strong>\u20a9<\/strong>61,500<\/td><\/tr><tr><td>~16,500<\/td><td><strong>\u20a9<\/strong>63,000<\/td><\/tr><tr><td>~17,000<\/td><td><strong>\u20a9<\/strong>64,500<\/td><\/tr><tr><td>~17,500<\/td><td><strong>\u20a9<\/strong>66,000<\/td><\/tr><tr><td>~18,000<\/td><td><strong>\u20a9<\/strong>67,500<\/td><\/tr><tr><td>~18,500<\/td><td><strong>\u20a9<\/strong>69,000<\/td><\/tr><tr><td>~19,000<\/td><td><strong>\u20a9<\/strong>70,500<\/td><\/tr><tr><td>~19,500<\/td><td><strong>\u20a9<\/strong>72,000<\/td><\/tr><tr><td>~20,000<\/td><td><strong>\u20a9<\/strong>73,500<\/td><\/tr><tr><td>~20,500<\/td><td><strong>\u20a9<\/strong>77,500<\/td><\/tr><tr><td>~21,000<\/td><td><strong>\u20a9<\/strong>79,000<\/td><\/tr><tr><td>~21,500<\/td><td><strong>\u20a9<\/strong>80,500<\/td><\/tr><tr><td>~22,000<\/td><td><strong>\u20a9<\/strong>82,000<\/td><\/tr><tr><td>~22,500<\/td><td><strong>\u20a9<\/strong>83,500<\/td><\/tr><tr><td>~23,000<\/td><td><strong>\u20a9<\/strong>85,000<\/td><\/tr><tr><td>~23,500<\/td><td><strong>\u20a9<\/strong>86,500<\/td><\/tr><tr><td>~24,000<\/td><td><strong>\u20a9<\/strong>88,000<\/td><\/tr><tr><td>~24,500<\/td><td><strong>\u20a9<\/strong>89,500<\/td><\/tr><tr><td>~25,000<\/td><td><strong>\u20a9<\/strong>91,000<\/td><\/tr><tr><td><span style=\"caret-color: rgb(0, 0, 0); color: rgb(0, 0, 0); font-family: -webkit-standard; font-size: medium; white-space: normal;\">~<\/span>25,500<\/td><td><strong>\u20a9<\/strong>92,500<\/td><\/tr><tr><td><span style=\"caret-color: rgb(0, 0, 0); color: rgb(0, 0, 0); font-family: -webkit-standard; font-size: medium; white-space: normal;\">~<\/span>26,000<\/td><td><strong>\u20a9<\/strong>94,000<\/td><\/tr><tr><td><span style=\"caret-color: rgb(0, 0, 0); color: rgb(0, 0, 0); font-family: -webkit-standard; font-size: medium; white-space: normal;\">~<\/span>26,500<\/td><td><strong>\u20a9<\/strong>95,500<\/td><\/tr><tr><td><span style=\"caret-color: rgb(0, 0, 0); color: rgb(0, 0, 0); font-family: -webkit-standard; font-size: medium; white-space: normal;\">~<\/span>27,000<\/td><td><strong>\u20a9<\/strong>97,000<\/td><\/tr><tr><td><span style=\"caret-color: rgb(0, 0, 0); color: rgb(0, 0, 0); font-family: -webkit-standard; font-size: medium; white-space: normal;\">~<\/span>27,500<\/td><td><strong>\u20a9<\/strong>98,500<\/td><\/tr><tr><td><span style=\"caret-color: rgb(0, 0, 0); color: rgb(0, 0, 0); font-family: -webkit-standard; font-size: medium; white-space: normal;\">~<\/span>28,000<\/td><td><strong>\u20a9<\/strong>100,000<\/td><\/tr><tr><td><span style=\"caret-color: rgb(0, 0, 0); color: rgb(0, 0, 0); font-family: -webkit-standard; font-size: medium; white-space: normal;\">~<\/span>28,500<\/td><td><strong>\u20a9<\/strong>101,500<\/td><\/tr><tr><td><span style=\"caret-color: rgb(0, 0, 0); color: rgb(0, 0, 0); font-family: -webkit-standard; font-size: medium; white-space: normal;\">~<\/span>29,000<\/td><td><strong>\u20a9<\/strong>103,000<\/td><\/tr><tr><td><span style=\"caret-color: rgb(0, 0, 0); color: rgb(0, 0, 0); font-family: -webkit-standard; font-size: medium; white-space: normal;\">~<\/span>29,500<\/td><td><strong>\u20a9<\/strong>104,500<\/td><\/tr><tr><td><span style=\"caret-color: rgb(0, 0, 0); color: rgb(0, 0, 0); font-family: -webkit-standard; font-size: medium; white-space: normal;\">~<\/span>30,000<\/td><td><strong>\u20a9<\/strong>106,000<\/td><\/tr><\/tbody><\/table><\/figure>\n","protected":false},"excerpt":{"rendered":"<p>\u203b\uc624\ud0a4\ub098\uc640, \ud64b\uce74\uc774\ub3c4\uc758 \ubc30\uc1a1\uc758 \uacbd\uc6b0\ub294 \ubc30\uc1a1\ub8cc\uac00 \uc694\uae08\ud45c\uc640\ub294 \ub2e4\ub978 \uacbd\uc6b0\uac00 \uc788\uc2b5\ub2c8\ub2e4. \uc815\uae30 \ubc30\uc1a1 \ub610\ub294 \ub300\ub7c9 \ubc30\uc1a1 \uc694\uae08\uc5d0 \uad00\ud55c \ubb38\uc758 \ubc0f \uc9c8\ubb38 \uc0ac\ud56d\uc740 \uacf5\uc2dd LINE\uc5d0\uc11c \ubb38\uc758 \ubd80\ud0c1\ub4dc\ub9bd\ub2c8\ub2e4. \ubc30\uc1a1\ube44 \uacc4\uc0b0 \ubc30\uc1a1\ube44 [&hellip;]<\/p>\n","protected":false},"author":8,"featured_media":0,"parent":2813,"menu_order":0,"comment_status":"closed","ping_status":"closed","template":"","meta":{"inline_featured_image":false,"_locale":"ko_KR","_original_post":"http:\/\/yypost-main.net\/?page_id=2582","vkexunit_cta_each_option":"","footnotes":""},"_links":{"self":[{"href":"https:\/\/yypost-main.net\/wp-json\/wp\/v2\/pages\/2824"}],"collection":[{"href":"https:\/\/yypost-main.net\/wp-json\/wp\/v2\/pages"}],"about":[{"href":"https:\/\/yypost-main.net\/wp-json\/wp\/v2\/types\/page"}],"author":[{"embeddable":true,"href":"https:\/\/yypost-main.net\/wp-json\/wp\/v2\/users\/8"}],"replies":[{"embeddable":true,"href":"https:\/\/yypost-main.net\/wp-json\/wp\/v2\/comments?post=2824"}],"version-history":[{"count":5,"href":"https:\/\/yypost-main.net\/wp-json\/wp\/v2\/pages\/2824\/revisions"}],"predecessor-version":[{"id":3188,"href":"https:\/\/yypost-main.net\/wp-json\/wp\/v2\/pages\/2824\/revisions\/3188"}],"up":[{"embeddable":true,"href":"https:\/\/yypost-main.net\/wp-json\/wp\/v2\/pages\/2813"}],"wp:attachment":[{"href":"https:\/\/yypost-main.net\/wp-json\/wp\/v2\/media?parent=2824"}],"curies":[{"name":"wp","href":"https:\/\/api.w.org\/{rel}","templated":true}]}}