{"id":2813,"date":"2023-04-03T14:46:44","date_gmt":"2023-04-03T05:46:44","guid":{"rendered":"http:\/\/yypost-main.net\/?page_id=2813"},"modified":"2025-06-25T17:34:11","modified_gmt":"2025-06-25T08:34:11","slug":"delivery-notes","status":"publish","type":"page","link":"https:\/\/yypost-main.net\/ko\/delivery-notes\/","title":{"rendered":"\ubc30\uc1a1\ub0b4\uc6a9\uc5d0 \uad00\ud55c \uc8fc\uc758\uc0ac\ud56d"},"content":{"rendered":"\n<h1 class=\"wp-block-heading\">\ubc30\uc1a1\ub0b4\uc6a9 \ubc0f \uad00\uc138\uc5d0 \uad00\ud55c \uc8fc\uc758\uc0ac\ud56d<\/h1>\n\n\n\n<p>\ubc30\uc1a1 \ubc0f \uc811\uc218 \uc804\uc5d0 \ubc18\ub4dc\uc2dc \uc544\ub798\uc758 \uc8fc\uc758\uc0ac\ud56d\uc744 \ud655\uc778\ud558\uc2e0 \ud6c4 \ubc30\uc1a1 \ubc0f \uc811\uc218\ub97c \ubd80\ud0c1\ub4dc\ub9bd\ub2c8\ub2e4.  \ubcf8 \uc8fc\uc758\uc0ac\ud56d\uc744 \ud655\uc778\ud558\uc9c0 \uc54a\uace0 \ubc30\uc1a1\ub41c \uacbd\uc6b0\uc5d0 \ubc1c\uc0dd\ud558\ub294 \ubd88\uc774\uc775, \uc0c1\ud488\uc758 \ud30c\uc190, \ubcc0\ud615,  \ubc18\uc1a1 \ubc0f \ud3d0\uae30\uc5d0 \ub300\ud574\uc11c YYPOST\ub294 \ucc45\uc784\uc744 \uc9c0\uc9c0 \uc54a\uc2b5\ub2c8\ub2e4.<\/p>\n\n\n\n<h2 class=\"wp-block-heading\"><strong>\ubc30\uc1a1\ube44 \uacc4\uc0b0<\/strong><\/h2>\n\n\n\n<p>\u30fb\ubc30\uc1a1\ube44\ub294 \uc218\ud558\ubb3c\uc758 \uc2e4\uc81c \uc911\ub7c9\uacfc \ubd80\ud53c \uc911\ub7c9 \uc911 \ud070 \ucabd\uc744 \uae30\uc900\uc73c\ub85c \uc0b0\uc815\ub429\ub2c8\ub2e4.<\/p>\n\n\n\n<p>\uccb4\uc801 \uc911\ub7c9 \uacc4\uc0b0 \ubc29\ubc95<\/p>\n\n\n\n<p>\uac00\ub85c(cm) \u00d7 \uc138\ub85c(cm) \u00d7 \ub192\uc774(cm) \u00f7 6000=\ubb34\uac8c (\uc608: 30cm \u00d7 20cm \u00d7 10cm \u00f7 6000=1kg)<\/p>\n\n\n\n<p>\u203b 1\ubc15\uc2a4 \ud06c\uae30 \uac00\ub85c(cm) \u00d7 \uc138\ub85c(cm) \u00d7 \ub192\uc774(cm) =160cm\uae4c\uc9c0(\ub2e4\ub9cc, \ud55c \ubcc0\uc758 \ucd5c\ub300 \uae38\uc774\ub294 100\u339d \uc774\ub0b4\uc5d0 \ud55c\ud558\uc5ec \ucde8\uae09\ud569\ub2c8\ub2e4.)<br>\u203b \ub2f9\uc0ac\ub85c \uc0c1\ud488\uc744 \ubc30\uc1a1\ud560 \ub54c\ub294 \ubc15\uc2a4 \ud3ec\uc7a5 \uc0c1\ud0dc\ub85c \ubcf4\ub0b4\uc8fc\uc138\uc694. (\ube44\ub2d0 \ub4f1 \ud3ec\uc7a5 \ubd88\uac00)<br>\u203b \ub2f9\uc0ac\uc5d0\uc11c \uc0c1\ud488\uc744 \ub2e4\uc2dc \ud3ec\uc7a5\ud558\uac8c \ub41c \uacbd\uc6b0 \ubcc4\ub3c4 \uc218\uc218\ub8cc\uac00 \ubc1c\uc0dd\ud560 \uc218 \uc788\uc2b5\ub2c8\ub2e4.<br>\u203b\uc2e4\uc81c \uc911\ub7c9 \ub610\ub294 \ubd80\ud53c \uc911\ub7c9\uc774 30kg \ucd08\uacfc\ud558\ub294 \uacbd\uc6b0\ub294 \ubc30\uc1a1\ubd88\uac00<\/p>\n\n\n\n<div class=\"wp-block-vk-blocks-button vk_button vk_button-color-custom vk_button-align-center\"><a href=\"https:\/\/yypost-main.net\/ko\/delivery-notes\/price-list\/\" class=\"vk_button_link btn has-background has-vk-color-primary-background-color btn-md\" role=\"button\" aria-pressed=\"true\" rel=\"noopener\"><div class=\"vk_button_link_caption\"><span class=\"vk_button_link_txt\">\ubc30\uc1a1\ub8cc \uac00\uaca9\ud45c<\/span><\/div><\/a><\/div>\n\n\n\n<h2 class=\"wp-block-heading\">\uad00\uc138<\/h2>\n\n\n\n<p>\u30fb\ubb34\uac8c \uad00\uacc4\uc5c6\uc774 \ud55c \uc0c1\uc790\uc758 \uc0c1\ud488 \ucd1d\uc561 16,666\uc5d4 \uc774\uc0c1\uc758 \uacbd\uc6b0 \ubc30\uc1a1\ud560 \uc218 \uc5c6\ub294 \uacbd\uc6b0\uac00 \uc788\uc2b5\ub2c8\ub2e4. \ub610, \ubc30\uc1a1\ud560 \uc218 \uc788\ub294 \uacbd\uc6b0\uc5d0\uc11c\ub3c4 \uad00\uc138\uac00 \uac78\ub9ac\ub294 \uacbd\uc6b0\uac00 \uc788\uc2b5\ub2c8\ub2e4.<br>\u30fb\ud2b9\uc218 \uc18c\uc7ac\uc5d0 \uc758\ud574 \uad00\uc138\uac00 \uac78\ub9ac\ub294 \uacbd\uc6b0\ub3c4 \uc788\uc2b5\ub2c8\ub2e4<\/p>\n\n\n\n<h2 class=\"wp-block-heading\">\ubc30\uc1a1 \ubd88\uac00 \ud488\ubaa9\u30fb\uac1c\uc218 \uc81c\ud55c<\/h2>\n\n\n\n<p>\u30fb\ucd08\uc0c1\uad8c, \uc0c1\ud45c\uad8c, \uc800\uc791\uad8c(\uc774\ubbf8\ud14c\uc774\uc158 \uc0c1\ud488 \ud3ec\ud568) \uce68\ud574 \uc0c1\ud488<\/p>\n\n\n\n<p>\u30fc\uc77c\ubcf8 \uc138\uad00\uc5d0\uc11c \ubab0\uc218\ub420 \uac00\ub2a5\uc131\uc774 \uc788\uc2b5\ub2c8\ub2e4. \uc774 \uacbd\uc6b0 \ubcf4\uc99d \ub4f1\uc758 \ucc45\uc784\uc740 \uc9c0\uc9c0 \uc54a\uc2b5\ub2c8\ub2e4.<\/p>\n\n\n\n<p>\u200b<\/p>\n\n\n\n<p>\u30fb\uc778\ud654\uc131, \uac00\uc5f0\uc131 \ubb3c\uc9c8\uc758 \ubc1c\uc1a1 \ubd88\uac00(\ud56d\uacf5\uc0ac)<\/p>\n\n\n\n<p>\u30fc\uc2a4\ud504\ub808\uc774, \ud5e4\uc5b4\ubb34\uc2a4, \ud5a5\uc218, \uc54c\ucf54\uc62c \uc131\ubd84, \ud5e4\uc5b4 \uceec\ub7ec(\uacfc\uc0b0\ud654\uc218\uc18c), \ub9ac\ud2ac \ubc30\ud130\ub9ac, \uc8fc\ub958 \ub4f1\uacfc \uac19\uc740 \uc778\ud654\uc131 \ud654\ubb3c, \uc704\ud5d8\ubb3c\ub85c \ubd84\ub958\ub418\ub294 \ubb3c\ud488\uc740 \uc0ac\uc804\uc5d0 \ud655\uc778\uc744 \ubd80\ud0c1\ub4dc\ub9bd\ub2c8\ub2e4.<\/p>\n\n\n\n<p>\u30fb\ud488\ubaa9, \uc218\ub7c9 \uc81c\ud55c(\uc77c\ubcf8\uc758 \uc138\uad00)<\/p>\n\n\n\n<p>\u30fc\ud654\uc7a5\ud488: \ud1b5\uc0c1, 2\uac1c\uc6d4 \uc0ac\uc6a9\ubd84\uae4c\uc9c0\ub85c \ud55c\uc815\ub418\uc5b4 \uc788\uc5b4, \ub9c8\uc2a4\ud06c \uc2dc\ud2b8\ub294 24\uc138\ud2b8\uae4c\uc9c0 \ubc30\uc1a1 \uac00\ub2a5\ud569\ub2c8\ub2e4.<\/p>\n\n\n\n<p>\ub300\ub7c9 \uad6c\uc785\uc758 \uc190\ub2d8\uc740 1\uc0c1\uc790\ub85c \ubc30\uc1a1\uc758 \uacbd\uc6b0, \ubc1c\uc1a1\uc774 \ubd88\uac00\uac00 \ub418\uac70\ub098 \uad00\uc138\uac00 \ub9ce\uc774 \uacfc\uae08\ub420 \uac00\ub2a5\uc131\uc774 \uc788\uc2b5\ub2c8\ub2e4.<\/p>\n\n\n\n<p>\u200b<\/p>\n\n\n\n<p>\u30fc\ucf58\ud0dd\ud2b8 \ub80c\uc988\uff1a\ud1b5\uc0c1, 2\uac1c\uc6d4 \uc0ac\uc6a9\ubd84\uae4c\uc9c0\ub85c \ud55c\uc815\ub418\uc5b4 \uc788\uc2b5\ub2c8\ub2e4.<\/p>\n\n\n\n<p>\ub370\uc77c\ub9ac(1\uc30d) 60\uc77c\ubd84\u30fb1\uc8fc\uac04\uc6a9(1\uc30d) 9\uc8fc\ubd84\ubd84<\/p>\n\n\n\n<p>\u30fc\uc2dd\ud488\uff1a\ub808\ud1a0\ub974\ud2b8\ub9cc \uac00\ub2a5<\/p>\n\n\n\n<p>\uc0c1\uae30 \uc0ac\ud56d\uc774 \uc900\uc218\ub418\uc9c0 \uc54a\uace0 \ud1b5\uad00 \ubd88\uac00\uc5d0 \uc758\ud574 \ud55c\uad6d\uc5d0 \ubc18\uc1a1\uc2dc, \ud1b5\uc0c1 \ubc30\uc1a1\ub8cc\uc5d0 \uac00\uc138\ud574 \ubc18\uc1a1 \ubc30\uc1a1\ub8cc\uac00 \ubc1c\uc0dd\ud569\ub2c8\ub2e4.<\/p>\n\n\n\n<p><\/p>\n\n\n\n<h2 class=\"wp-block-heading\"><strong>\uae08\uc9c0 \ubc0f \uc81c\ud55c \ud488\ubaa9<\/strong><\/h2>\n\n\n\n<p><strong>\ubc30\uc1a1 \uc804\uc5d0 \ubc18\ub4dc\uc2dc<\/strong><a href=\"https:\/\/yypost-main.net\/restriction\/\" data-type=\"URL\" data-id=\"https:\/\/yypost-main.net\/restriction\/\"> \ubc30\uc1a1\uae08\uc218\ud488 \uc77c\ub78c<\/a><strong> \uc744 \ucc38\uc870 \ubd80\ud0c1\ub4dc\ub9bd\ub2c8\ub2e4.<\/strong><\/p>\n\n\n\n<p>\u3010\uae08\uc9c0 \ud488\ubaa9\u3011<\/p>\n\n\n\n<p>\uc544\ub798\uc758 \ubb3c\ud488 \uc774\uc678\uc5d0\ub3c4 \ucd94\uac00\ub85c \uc6b4\uc1a1\uc774 \ubd88\uac00\ub2a5\ud55c \ud488\ubaa9\uc774 \ud3ec\ud568\ub418\ub294 \uacbd\uc6b0\ub294<\/p>\n\n\n\n<p>\uc9d0\uc758 \uc6b4\uc1a1\uc774 \uac70\ubd80\ub420 \uac00\ub2a5\uc131\ub3c4 \uc788\uc73c\ubbc0\ub85c \ubbf8\ub9ac \uc591\ud574 \ubc14\ub78d\ub2c8\ub2e4.<\/p>\n\n\n\n<p>\u200b<\/p>\n\n\n\n<p>\u30fbSUMSUNG Galaxy Note7\uacfc \uadf8 \ubd80\ud488<\/p>\n\n\n\n<p>\u30fb\uae08\uad34(\uadc0\uae08\uc18d)<\/p>\n\n\n\n<p>\u00b7 \ud604\uae08 (\ubc95\uc815 \ud1b5\ud654 - \uc740\ud589 \uacc4\uc0b0\uc11c, \ubc95\uc815 \uc790\uae08)<\/p>\n\n\n\n<p>\u30fb\ucd1d\ud654\uae30\ub958, \ud3ed\ud0c4\ubb3c, \uc5d0\uc5b4\uac74 \ubc0f \ubaa8\uc870\ucd1d\uae30\ub958<\/p>\n\n\n\n<p>\u30fb\uc778\uac04\uc758 \uc720\uace8 \ub610\ub294 \uc720\ud574<\/p>\n\n\n\n<p>\u00b7 \uc0ac\ub0e5 \ud2b8\ub85c\ud53c, \ub3d9\ubb3c\uc758 \ud2b9\uc815 \ubd80\uc704 (\uc0c1\uc544, \uc0c1\uc5b4 \ud540), \ub3d9\ubb3c\uc758 \uc2dc\uccb4, \ubd09\uc81c \uc7a5\ub09c\uac10, \uad6d\uc81c\uae30\uad6c \ub610\ub294 \uc815\ubd80 \uaddc\uc81c \ud488\ubaa9<\/p>\n\n\n\n<p>\u30fb\uc704\uc870\ud488\uc774\ub098 \uc57d \ub4f1\uc758 \ubd88\ubc95 \uc81c\ud488<\/p>\n\n\n\n<p>\u30fb\uc0b4\uc544\uc788\ub294 \ub3d9\ubb3c(\ud3ec\uc720\ub958, \ud30c\ucda9\ub958, \uc5b4\ub958, \ubb34\ucc99\ucd94\ub3d9\ubb3c, \uc591\uc11c\ub958, \uc870\ub958, \uace4\ucda9, \uc720\ucda9, \ubc88\ub370\uae30 \ub4f1)<\/p>\n\n\n\n<p>\u30fbIATA PI968 Section I, Section II \ub9ac\ud2ac \uba54\ud0c8 \ubc30\ud130\ub9ac \ud654\ubb3c<\/p>\n\n\n\n<p>\u30fb\uadc0\uae08\uc18d \ubc0f \uc900\ubcf4\uc11d<\/p>\n\n\n\n<p>\u200b<\/p>\n\n\n\n<p>\u3010\uc81c\ud55c \ud488\ubaa9\u3011<\/p>\n\n\n\n<p>\uc544\ub798\uc758 \ubb3c\ud488\uc744 \ubc1c\uc1a1\ud558\ub294 \uacbd\uc6b0, \ubc30\uc1a1 \uc5c5\uc790\uc758 \uc0ac\uc804 \uc0c1\ud488\uc774 \ud544\uc694\ud569\ub2c8\ub2e4.<\/p>\n\n\n\n<p>\uc790\uc138\ud55c \ub0b4\uc6a9\uc740 \ubb38\uc758 \ubc14\ub78d\ub2c8\ub2e4.<\/p>\n\n\n\n<p>\u200b<\/p>\n\n\n\n<p>\u30fb\uc5d0\uc5b4\uac74, \ud14c\uc774\uc800 \uac74, \ubaa8\ub378 \uac74, \ucd1d\uae30 \ubd80\ud488, \ud0c4\uc57d<\/p>\n\n\n\n<p>(\ucd1d\uae30\ub958 \uc81c\uc791\uc744 \uc704\ud55c \ub77c\uc774\ud50c\ucd1d\uc758 \uac1c\ub354 \ud50c\ub808\uc774\ud2b8, \uc81c\ub3d9 \uae30\uad6c, \ub098\uc0ac\ub098 \ubcfc\ud2b8 \ub4f1\ub3c4 \uc774\uc5d0 \ud3ec\ud568\ub41c\ub2e4)<\/p>\n\n\n\n<p>\u30fb\uace8\ub3d9\ud488\uc774\ub098 \uc608\uc220\ud488\uc744 \ud3ec\ud568\ud55c \ud654\ubb3c\uc758 \uc0c1\ud488 \uac00\uaca9 EUR 500,000\uc744 \ub118\ub294 \uacbd\uc6b0<\/p>\n\n\n\n<p>\u30fb\ub0a9\uc138\uc99d\uc9c0\ub97c \ud3ec\ud568\ud55c \ud654\ubb3c\uc758 \uc0c1\ud488 \uac00\uaca9\uc774 EUR 500,000\uc744 \ub118\ub294 \uacbd\uc6b0<\/p>\n\n\n\n<p>\u00b7 \ud5c8\uac00\ub41c \uc81c\uc57d \ud68c\uc0ac\uc758 \uc758\ub8cc \ubaa9\uc801\uc744 \uc704\ud55c \ub300\ub9c8\ucd08 \uc218\uc1a1<\/p>\n\n\n\n<p>\uc804\uc790 \ub2f4\ubc30\ub97c \ud3ec\ud568\ud55c \ubaa8\ub4e0 \ud615\ud0dc\uc758 \ub2f4\ubc30\ub97c \ud3ec\ud568\ud55c \ud654\ubb3c\uc758 \uc0c1\ud488 \uac00\uaca9\uc774 EUR 500,000\uc744 \ucd08\uacfc\ud558\ub294 \uacbd\uc6b0<\/p>\n\n\n\n<p>\u30fb\uae30\ub150 \ucf54\uc778\uacfc \uba54\ub2ec \uac00\uaca9\uc774 EUR 2,000 \uc774\uc0c1\uc778 \uacbd\uc6b0<\/p>\n\n\n\n<p>\u30fb\ud5a5\uc218, \uc560\ud504\ud130 \uc250\uc774\ube0c \ub85c\uc158, \uc5d0\uc5b4\ub85c\uc878(\uc2a4\ud504\ub808\uc774\uc758 \ud615\ud0dc\ub85c \ubd84\uc0ac\ub418\ub294 \uc81c\ud488), \uac00\uc5f0\uc131 \ubb3c\uc9c8, \ub4dc\ub77c\uc774 \uc544\uc774\uc2a4, \uc0dd\uccb4 \ubb3c\uc9c8, \uc720\uc5d4\uc774 \uc9c0\uc815\ud55c \uc704\ud5d8\ubb3c, IATA\/ADR\/IMDG \uaddc\uc815\uc5d0 \uc758\ud574 \uc704\ud5d8\ubb3c\ub85c \ubd84\ub958\ub418\ub294 \ubb3c\uc9c8\uc744 \ud3ec\ud568 \ud654\ubb3c\uc758 \ucd1d \uc0c1\ud488 \uac00\uaca9\uc774 EUR 500,000\uc744 \ucd08\uacfc\ud558\ub294 \uacbd\uc6b0<\/p>\n\n\n\n<p>\u30fb\uae08\uc735 \ubc0f \ud1b5\ud654\uc0c1\ud488(\ud734\ub300\uc804\ud654\ub97c \uc0ac\uc6a9\ud558\uae30 \uc704\ud55c \uc561\ud2f0\ube0c SIM \uce74\ub4dc, \uc2e0\uc6a9\uce74\ub4dc, \uccb4\ud06c\uce74\ub4dc, \uac00\ub77c\ud14c \uce74\ub4dc, \uc774\ubca4\ud2b8 \ud2f0\ucf13, \ub85c\ub610, \uae08\uc804 \ub610\ub294 \uc6b0\ud3b8\ud658, \uc120\ubd88 \uc804\ud654\uce74\ub4dc, \ud2f0\ucf13, \uc5ec\ud589\uc790 \uc218\ud45c, \ubc14\uc6b0\ucc98, \ud1a0\ud070, \ubbf8\uc0ac\uc6a9 \uc6b0\ud45c \ub4f1)\uc744 \ud3ec\ud568\ud55c \ud654\ubb3c\uc758 \ucd1d \uc0c1\ud488 \uac00\uaca9\uc774 EUR&nbsp;500,000\uc744 \ucd08\uacfc\ud558\ub294 \uacbd\uc6b0<\/p>\n\n\n\n<p>\u30fb\ubaa8\ud53c<\/p>\n\n\n\n<p>\u30fb\ubcf4\uc11d, \uc2dc\uacc4, EUR 5,000 \uc774\uc0c1\uc758 \uc0c1\ud488\uc740 \ucd9c\ud558\uac00 \uc81c\ud55c\ub420 \uac00\ub2a5\uc131\uc774 \uc788\uc73c\uba70, \uc774\ub4e4\uc744 \ud3ec\ud568\ud55c \ud654\ubb3c\uc758 \ud569\uacc4 \uc0c1\ud488 \uac00\uaca9\uc740 EUR 100,000 \ubbf8\ub9cc\uc774\uc5b4\uc57c \ud569\ub2c8\ub2e4.<\/p>\n\n\n\n<div class=\"wp-block-vk-blocks-button vk_button vk_button-color-custom vk_button-align-center\"><a href=\"https:\/\/yypost-main.net\/restriction\/\" class=\"vk_button_link btn has-background has-vk-color-primary-background-color btn-md\" role=\"button\" aria-pressed=\"true\" rel=\"noopener\"><div class=\"vk_button_link_caption\"><span class=\"vk_button_link_txt\">\ubc30\uc1a1\uae08\uc218\ud488 \uc77c\ub78c<\/span><\/div><\/a><\/div>\n","protected":false},"excerpt":{"rendered":"<p>\ubc30\uc1a1\ub0b4\uc6a9 \ubc0f \uad00\uc138\uc5d0 \uad00\ud55c \uc8fc\uc758\uc0ac\ud56d \ubc30\uc1a1 \ubc0f \uc811\uc218 \uc804\uc5d0 \ubc18\ub4dc\uc2dc \uc544\ub798\uc758 \uc8fc\uc758\uc0ac\ud56d\uc744 \ud655\uc778\ud558\uc2e0 \ud6c4 \ubc30\uc1a1 \ubc0f \uc811\uc218\ub97c \ubd80\ud0c1\ub4dc\ub9bd\ub2c8\ub2e4. \ubcf8 \uc8fc\uc758\uc0ac\ud56d\uc744 \ud655\uc778\ud558\uc9c0 \uc54a\uace0 \ubc30\uc1a1\ub41c \uacbd\uc6b0\uc5d0 \ubc1c\uc0dd\ud558\ub294 \ubd88\uc774\uc775, \uc0c1\ud488\uc758 \ud30c\uc190,  [&hellip;]<\/p>\n","protected":false},"author":8,"featured_media":0,"parent":0,"menu_order":0,"comment_status":"closed","ping_status":"closed","template":"","meta":{"inline_featured_image":false,"_locale":"ko_KR","_original_post":"http:\/\/yypost-main.net\/?page_id=2570","vkexunit_cta_each_option":"","footnotes":""},"_links":{"self":[{"href":"https:\/\/yypost-main.net\/wp-json\/wp\/v2\/pages\/2813"}],"collection":[{"href":"https:\/\/yypost-main.net\/wp-json\/wp\/v2\/pages"}],"about":[{"href":"https:\/\/yypost-main.net\/wp-json\/wp\/v2\/types\/page"}],"author":[{"embeddable":true,"href":"https:\/\/yypost-main.net\/wp-json\/wp\/v2\/users\/8"}],"replies":[{"embeddable":true,"href":"https:\/\/yypost-main.net\/wp-json\/wp\/v2\/comments?post=2813"}],"version-history":[{"count":12,"href":"https:\/\/yypost-main.net\/wp-json\/wp\/v2\/pages\/2813\/revisions"}],"predecessor-version":[{"id":3202,"href":"https:\/\/yypost-main.net\/wp-json\/wp\/v2\/pages\/2813\/revisions\/3202"}],"wp:attachment":[{"href":"https:\/\/yypost-main.net\/wp-json\/wp\/v2\/media?parent=2813"}],"curies":[{"name":"wp","href":"https:\/\/api.w.org\/{rel}","templated":true}]}}